{"id":475,"date":"2025-02-17T13:42:09","date_gmt":"2025-02-17T13:42:09","guid":{"rendered":"https:\/\/douchesensation.com\/german\/?post_type=product&#038;p=475"},"modified":"2025-05-02T12:51:22","modified_gmt":"2025-05-02T10:51:22","slug":"aroma-duschkopf-mit-vitamin-c","status":"publish","type":"product","link":"https:\/\/douchesensation.com\/german\/product\/aroma-duschkopf-mit-vitamin-c\/","title":{"rendered":"Aroma Duschkopf <b>Professional<\/b> mit Vitamin C und Zitronenduft"},"content":{"rendered":"<p>[et_pb_section fb_built=&#8220;1&#8243; _builder_version=&#8220;4.16&#8243; custom_padding=&#8220;0px||||false|false&#8220; global_colors_info=&#8220;{}&#8220;][et_pb_row _builder_version=&#8220;4.16&#8243; background_size=&#8220;initial&#8220; background_position=&#8220;top_left&#8220; background_repeat=&#8220;repeat&#8220; width=&#8220;100%&#8220; custom_padding=&#8220;0px||0px||false|false&#8220; global_colors_info=&#8220;{}&#8220;][et_pb_column type=&#8220;4_4&#8243; _builder_version=&#8220;4.16&#8243; custom_padding=&#8220;|||&#8220; global_colors_info=&#8220;{}&#8220; custom_padding__hover=&#8220;|||&#8220;][et_pb_wc_breadcrumb _builder_version=&#8220;4.16&#8243; global_colors_info=&#8220;{}&#8220;][\/et_pb_wc_breadcrumb][et_pb_wc_cart_notice _builder_version=&#8220;4.16&#8243; global_colors_info=&#8220;{}&#8220;][\/et_pb_wc_cart_notice][\/et_pb_column][\/et_pb_row][et_pb_row column_structure=&#8220;1_2,1_2&#8243; _builder_version=&#8220;4.16&#8243; background_size=&#8220;initial&#8220; background_position=&#8220;top_left&#8220; background_repeat=&#8220;repeat&#8220; width=&#8220;100%&#8220; custom_padding=&#8220;0px||||false|false&#8220; global_colors_info=&#8220;{}&#8220;][et_pb_column type=&#8220;1_2&#8243; _builder_version=&#8220;4.16&#8243; custom_padding=&#8220;|||&#8220; global_colors_info=&#8220;{}&#8220; custom_padding__hover=&#8220;|||&#8220;][et_pb_wc_images _builder_version=&#8220;4.16&#8243; global_colors_info=&#8220;{}&#8220;][\/et_pb_wc_images][\/et_pb_column][et_pb_column type=&#8220;1_2&#8243; _builder_version=&#8220;4.16&#8243; custom_padding=&#8220;|||&#8220; global_colors_info=&#8220;{}&#8220; custom_padding__hover=&#8220;|||&#8220;][et_pb_wc_title _builder_version=&#8220;4.27.4&#8243; header_font=&#8220;|300|||||||&#8220; global_colors_info=&#8220;{}&#8220;][\/et_pb_wc_title][et_pb_wc_rating _builder_version=&#8220;4.16&#8243; global_colors_info=&#8220;{}&#8220;][\/et_pb_wc_rating][et_pb_wc_price _builder_version=&#8220;4.16&#8243; global_colors_info=&#8220;{}&#8220;][\/et_pb_wc_price][et_pb_wc_description _builder_version=&#8220;4.16&#8243; global_colors_info=&#8220;{}&#8220;][\/et_pb_wc_description][et_pb_wc_add_to_cart _builder_version=&#8220;4.16&#8243; global_colors_info=&#8220;{}&#8220;][\/et_pb_wc_add_to_cart][et_pb_wc_meta _builder_version=&#8220;4.16&#8243; global_colors_info=&#8220;{}&#8220;][\/et_pb_wc_meta][\/et_pb_column][\/et_pb_row][et_pb_row _builder_version=&#8220;4.16&#8243; background_size=&#8220;initial&#8220; background_position=&#8220;top_left&#8220; background_repeat=&#8220;repeat&#8220; width=&#8220;100%&#8220; global_colors_info=&#8220;{}&#8220;][et_pb_column type=&#8220;4_4&#8243; _builder_version=&#8220;4.16&#8243; custom_padding=&#8220;|||&#8220; global_colors_info=&#8220;{}&#8220; custom_padding__hover=&#8220;|||&#8220;][et_pb_wc_tabs _builder_version=&#8220;4.16&#8243; global_colors_info=&#8220;{}&#8220;] [\/et_pb_wc_tabs][et_pb_wc_upsells _builder_version=&#8220;4.16&#8243; global_colors_info=&#8220;{}&#8220;][\/et_pb_wc_upsells][et_pb_wc_related_products _builder_version=&#8220;4.16&#8243; global_colors_info=&#8220;{}&#8220;][\/et_pb_wc_related_products][\/et_pb_column][\/et_pb_row][\/et_pb_section]<\/p>\n","protected":false},"excerpt":{"rendered":"<h1 style=\"text-align: center;\" data-start=\"256\" data-end=\"323\"><span style=\"color: #c49b27;\">Aroma Duschkopf mit Vitamin C f\u00fcr Spa-Gef\u00fchl, gefiltertes Wasser und gepflegte Haut<\/span><\/h1>\n<p><!--more--><\/p>\n<p class=\"\" data-start=\"172\" data-end=\"357\"><!--more-->Kompakt, kraftvoll und ideal f\u00fcr zuhause und unterwegs.<br data-start=\"231\" data-end=\"234\" \/>Genie\u00dfen Sie Wellness, Pflege und Frische unter der Dusche \u2013 mit nat\u00fcrlichem Duft, Vitamin C und intelligenter Technologie.<\/p>\n<p data-start=\"172\" data-end=\"357\"><!--more--><\/p>\n<ul>\n<li data-start=\"361\" data-end=\"407\"><strong>Vitamin C<\/strong> f\u00fcr gesunde Haut &amp; gl\u00e4nzendes Haar<\/li>\n<li data-start=\"410\" data-end=\"462\">Erfrischendes <strong>Zitrus-Aroma<\/strong> (Aromatherapie-Effekt)<\/li>\n<li data-start=\"465\" data-end=\"533\"><strong>Kraftvoller<\/strong>, gezielter Wasserstrahl \u2013 ideal bei empfindlicher Haut<\/li>\n<li data-start=\"536\" data-end=\"617\"><strong>Filtersystem<\/strong> gegen Chlor, Kalk &amp; Bakterien \u2013 perfekt f\u00fcr Reisen (z.\u202fB. Spanien)<\/li>\n<li data-start=\"1000\" data-end=\"1250\"><strong>Ionisator<\/strong> f\u00fcr mehr Energie und Wohlbefinden<\/li>\n<li data-start=\"668\" data-end=\"700\">Leicht &amp; universell anschlie\u00dfbar<\/li>\n<\/ul>\n","protected":false},"featured_media":750,"comment_status":"open","ping_status":"closed","template":"","meta":{"_et_pb_use_builder":"on","_et_pb_old_content":"<h1 style=\"text-align: center\" data-start=\"329\" data-end=\"532\">Der Aroma Duschkopf mit Vitamin C sorgt f\u00fcr ein entspannendes Spa-Erlebnis mit Zitrusduft, gefiltertem Wasser und Pflege f\u00fcr Haut und Haar.<\/h1>\r\n<h5><\/h5>\r\n<!--more-->\r\n\r\n<hr \/>\r\n\r\n<h5><\/h5>\r\n<!--more-->\r\n<h4>Merkmale Aroma Duschkopf mit Vitamin C<\/h4>\r\nErleben Sie die perfekte Kombination aus moderner Technik, Pflege und Entspannung. Die Aroma Dusche Professional schenkt Ihnen t\u00e4glich ein Wellness-Erlebnis \u2013 mit nat\u00fcrlichem Duft, Vitamin C und einem hochwertigen Filtersystem.\r\n\r\n&nbsp;\r\n<h4>1. Spa Aroma Dusche<\/h4>\r\nGenie\u00dfen Sie eine entspannende Dusche mit einem kraftvollen, seidenweichen Wasserstrahl. Ein Spa-Moment f\u00fcr jeden Tag.\r\n\r\n&nbsp;\r\n<h4>2. Turbo Eco Wasserstrahl<\/h4>\r\nStark, angenehm und wassersparend zugleich. Die patentierte Duschplatte erzeugt optimalen Druck bei bis zu 30\u202f% weniger Wasserverbrauch \u2013 gut f\u00fcr Sie, die Umwelt und Ihren Geldbeutel.\r\n\r\n&nbsp;\r\n<h4>3. Inklusive Duft \u2013 Oriental Sunrise (Zitrus)<\/h4>\r\nDas nat\u00fcrliche Zitronenaroma wirkt erfrischend, stressreduzierend und sorgt f\u00fcr ein angenehmes Dufterlebnis mit Aromatherapie-Effekt.<br data-start=\"1139\" data-end=\"1142\" \/>Eine Kartusche reicht f\u00fcr ca. 2 Monate bzw. 6.000 Liter Wasser.\r\n\r\n&nbsp;\r\n<h4>4. Pflege mit Vitamin C<\/h4>\r\nBeim Duschen wird Vitamin C freigesetzt, das Ihre Haut pflegt und beruhigt, dem Haar Glanz verleiht und gleichzeitig die Kalkablagerung reduziert \u2013 f\u00fcr sichtbar gesunde Haut und gepflegtes Haar.\r\n\r\n&nbsp;\r\n<h4>5. Dreifaches Filtersystem f\u00fcr reines Wasser<\/h4>\r\n<ol>\r\n \t<li style=\"list-style-type: none\">\r\n<ol>\r\n \t<li><strong data-start=\"1505\" data-end=\"1520\">Chlorfilter<\/strong> \u2013 Entfernt bis zu 98\u202f% Chlor aus dem Leitungswasser. Ideal f\u00fcr Reisen (z.\u202fB. Spanien).<\/li>\r\n \t<li><strong data-start=\"1612\" data-end=\"1639\">Antibakterieller Filter<\/strong> \u2013 Filtert zuverl\u00e4ssig Verunreinigungen und Bakterien.<\/li>\r\n \t<li><strong data-start=\"1698\" data-end=\"1713\">Mikrofilter<\/strong> \u2013 H\u00e4lt Rost, Sand und kleinste Partikel zur\u00fcck.<\/li>\r\n<\/ol>\r\n<\/li>\r\n<\/ol>\r\n&nbsp;\r\n<h4>6. Ionisator \u2013 f\u00fcr ein frisches und energetisiertes Gef\u00fchl<\/h4>\r\nDie patentierte Duschsiebplatte kreiert 421.000 ccm3 negative Ionen. Dies ist 4 mal mehr als der gemessene Wert um einen nat\u00fcrlichen Wasserfall, wie z.B. der Niagara. Negativ-Ionen sorgen daf\u00fcr, dass die Sauerstoffaufnahme in den Organen verbessert wird. Dies steigert das Wohlgef\u00fchl und verlangsamt den Alterungsprozess.\r\n\r\n&nbsp;\r\n<h4>7. Universalanschluss<\/h4>\r\nPasst auf jeden handels\u00fcblichen Duschschlauch in der Welt.\r\n\r\n&nbsp;\r\n<h4>8. Leicht zu reinigen<\/h4>\r\nAlle Komponenten sind zerlegbar \u2013 f\u00fcr eine einfache Reinigung innen und au\u00dfen. Praktisch und hygienisch.\r\n\r\n&nbsp;\r\n<h3 style=\"text-align: center\" data-start=\"2522\" data-end=\"2573\">G\u00f6nnen Sie sich das Beste unter der Dusche<\/h3>\r\n<p class=\"\" style=\"text-align: center\" data-start=\"2574\" data-end=\"2682\">Pflege, Duft und moderne Technik \u2013 vereint in einer kompakten Handbrause.<br data-start=\"2647\" data-end=\"2650\" \/>Ideal f\u00fcr zuhause und unterwegs.<\/p>\r\n\r\n<h4 style=\"text-align: center\" data-start=\"2684\" data-end=\"2760\">Jetzt bestellen und t\u00e4glich Ihr ganz pers\u00f6nliches Spa-Erlebnis genie\u00dfen.<\/h4>\r\n<p style=\"text-align: center\" data-start=\"2684\" data-end=\"2760\"><\/p>","_et_gb_content_width":""},"product_brand":[],"product_cat":[37,259,239],"product_tag":[38,39,40,41,42,43,44,45,46,47,48,49,50,51,52,53,54,55,56,57,58,59,60,61,62,63,64,65,66,67,68,69,70,71,72,73],"class_list":{"0":"post-475","1":"product","2":"type-product","3":"status-publish","4":"has-post-thumbnail","6":"product_cat-aroma-duschkopf-kategorie","7":"product_cat-aroma-duschkopf-professional","8":"product_cat-aroma-duschkopf-deutsch","9":"product_tag-antibakteriell","10":"product_tag-antibakterieller-duschkopf","11":"product_tag-antichlor-dusche","12":"product_tag-aroma-dusche","13":"product_tag-aroma-dusche-online-shop","14":"product_tag-aroma-duschkopf","15":"product_tag-aroma-handbrause","16":"product_tag-aroma-sense","17":"product_tag-aroma-sense-9000","18":"product_tag-aroma-sense-belgien","19":"product_tag-aroma-sense-deutschland","20":"product_tag-aroma-sense-duschkopf","21":"product_tag-aroma-sense-duschkopf-perfect","22":"product_tag-aroma-sense-duschkopf-spa-perfect","23":"product_tag-aroma-sense-niederlande","24":"product_tag-aroma-sense-vitaldusche","25":"product_tag-aroma-wellness-dusche","26":"product_tag-aroma-wellness-duschkopf","27":"product_tag-duschbrause-antibakteriell","28":"product_tag-duschbrause-mit-aroma","29":"product_tag-duschkopf-antibakteriell","30":"product_tag-duschkopf-spa-perfect","31":"product_tag-eco-duschkopf","32":"product_tag-eco-shower","33":"product_tag-genuss-duschkopf","34":"product_tag-handbrause-mit-vitamin-c","35":"product_tag-ionen-duschkopf","36":"product_tag-lifestyle-duschkopf","37":"product_tag-spa-perfect","38":"product_tag-vitaldusche","39":"product_tag-vitamin-c-dusche","40":"product_tag-vitamin-c-duschkopf","41":"product_tag-vitamin-c-vital-dusche","42":"product_tag-wellness-brause","43":"product_tag-wellness-dusche","44":"product_tag-wellness-duschkopf","46":"first","47":"instock","48":"taxable","49":"shipping-taxable","50":"purchasable","51":"product-type-simple"},"_links":{"self":[{"href":"https:\/\/douchesensation.com\/german\/wp-json\/wp\/v2\/product\/475","targetHints":{"allow":["GET"]}}],"collection":[{"href":"https:\/\/douchesensation.com\/german\/wp-json\/wp\/v2\/product"}],"about":[{"href":"https:\/\/douchesensation.com\/german\/wp-json\/wp\/v2\/types\/product"}],"replies":[{"embeddable":true,"href":"https:\/\/douchesensation.com\/german\/wp-json\/wp\/v2\/comments?post=475"}],"wp:featuredmedia":[{"embeddable":true,"href":"https:\/\/douchesensation.com\/german\/wp-json\/wp\/v2\/media\/750"}],"wp:attachment":[{"href":"https:\/\/douchesensation.com\/german\/wp-json\/wp\/v2\/media?parent=475"}],"wp:term":[{"taxonomy":"product_brand","embeddable":true,"href":"https:\/\/douchesensation.com\/german\/wp-json\/wp\/v2\/product_brand?post=475"},{"taxonomy":"product_cat","embeddable":true,"href":"https:\/\/douchesensation.com\/german\/wp-json\/wp\/v2\/product_cat?post=475"},{"taxonomy":"product_tag","embeddable":true,"href":"https:\/\/douchesensation.com\/german\/wp-json\/wp\/v2\/product_tag?post=475"}],"curies":[{"name":"wp","href":"https:\/\/api.w.org\/{rel}","templated":true}]}}