{"id":1873,"date":"2021-06-15T12:25:49","date_gmt":"2021-06-15T10:25:49","guid":{"rendered":"https:\/\/douchesensation.com\/?post_type=product&#038;p=1873"},"modified":"2025-01-07T19:35:09","modified_gmt":"2025-01-07T18:35:09","slug":"luchtverfrisser-siena-wit-aromatherapie-diffuser","status":"publish","type":"product","link":"https:\/\/douchesensation.com\/douchesensation\/product\/luchtverfrisser-siena-wit-aromatherapie-diffuser\/","title":{"rendered":"<b>Aromatherapie Diffuser SIENA Wit<\/b> &#8211; Speciaal Voor Etherische Oli\u00ebn (watervrij en draadloos)"},"content":{"rendered":"<h2>Aromatherapie Diffuser SIENA in wit &#8211; diffuser zonder water voor etherische oli\u00ebn.<\/h2>\n<p>Cre\u00eber uw persoonlijke wellness-oase met 100% etherische oli\u00ebn &#8211; zonder toevoeging van water &#8211; met \u00e9\u00e9n druk op de knop. Kwalitatief, sereen begeuren van ruimtes met pure essences. Voor een aangenamer gevoel en een betere beleving van een ruimte.<\/p>\n<p>Onze aromatherapie diffuser SIENA is een draagbare luchtverfrisser met ingebouwde oplaadbare batterij, die kleinere en middelgrote ruimten tot 170 m3 of 55 m2 (afhankelijk van de hoogte van het plafond en de samenstelling van de ruimte) op verzoek eenvoudig en draadloos kan begeuren.<\/p>\n<p>Ideaal voor af en toe een geurbeleving bij u thuis, op het werk, in de SPA, tijdens het reizen, kamperen, in slaap vallen of yoga doen. De gebruiksmogelijkheden zijn even veelzijdig als het gamma etherische oli\u00ebn dat in dit kleine geurwonder kan worden gedaan.<\/p>\n<p><strong>Praktisch en Slim<br \/>\n<\/strong>Of u het toestel bedient met een oplaadbare, ingebouwde batterij of het aansluit via een USB-kabel, is aan u.<br \/>\nBij snoerloos gebruik biedt het apparaat 8 uur ononderbroken gebruik.<\/p>\n<p><strong>Het Principe<\/strong><\/p>\n<p>Sinds de oudheid is het bekend dat zuivere aromatische essences uit de natuur een positieve uitwerking hebben op ons lichaam en onze geest. Met de aromatherapiediffuser SIENA aan uw zijde is aromatherapie kinderspel en leuk.<\/p>\n<p>Zuivere parfumessence wordt koud in het apparaat bereid, d.w.z. zonder toevoeging van water of verhitting van geurstoffen.<br \/>\nDe ontsnappende geurmoleculen verspreiden zich met de kamerlucht en verfrissen de ruimte.<\/p>\n<p>De geurintensiteit kan met \u00e9\u00e9n druk op de knop op 3 verschillende niveaus worden ingesteld. Het apparaat kan ook worden geprogrammeerd voor 1\/2\/4\/8 uur werking en schakelt zichzelf automatisch uit afhankelijk van het gewenste tijdsvenster.<\/p>\n<p>Een automatisering, in de zin van &#8220;begin met ruiken op maandag om 9 uur en op vrijdag om 14 uur&#8221;, is met dit model echter niet mogelijk. Voor dergelijke wensen en als het apparaat elke dag enkele uren moet worden gebruikt, bevelen wij onze geurapparaat <a href=\"https:\/\/douchesensation.com\/douchesensation\/product\/aroma-diffuser-pisa-zwart-elegant-nauwkeurig-watervrij-kopie\/\">PISA<\/a> aan &#8211; elegant geurapparaat. Of hetzelfde apparaat in zilver.<\/p>\n<p><strong>Aromatherapie Diffusor SIENA &#8211; in \u00e9\u00e9n overzicht<\/strong><\/p>\n<ul>\n<li>moderne luchtdiffuser technologie<\/li>\n<li>zonder water toe te voegen, zonder te verwarmen<\/li>\n<li>draagbaar en zonder installatie-inspanning<\/li>\n<li>ideaal voor even kort genieten<\/li>\n<li>geschikt voor ruimten tot 55 m2 (maximaal 170 m3)<\/li>\n<li>regeling van de geurintensiteit op 3 niveaus<\/li>\n<li>gebruikstijd instelbaar; 1\/2\/4\/8 uur<\/li>\n<li>batterijduur ongeveer 8 uur (wanneer deze volledig is opgeladen)<\/li>\n<li>indicatie wanneer het geurintensiteit laag is<\/li>\n<li>fluisterstil<\/li>\n<li>onopvallend, elegant ontwerp in wit met ros\u00e9gouden accenten<\/li>\n<li>100% service- en onderhoudsvrij<\/li>\n<li>2 jaar garantie vanaf de koopdatum<\/li>\n<li>speciaal gefabriceerd voor 100% zuivere etherische oli\u00ebn van Aroma Sensation<\/li>\n<\/ul>\n<p><strong>Materiaal Begeurinfsapparaat: <\/strong>\u00a0<span style=\"font-weight: inherit;\">PP Kunststof<\/span><\/p>\n<p><strong>Afmetingen Geurapparaat:<\/strong> Hoogte: 14,5 cm, Breedte: 13 cm, Diepte: 4,2 cm<\/p>\n<p><strong>Geur: <\/strong>vertel ons uw wensen en wij geven u persoonlijk advies op maat<\/p>\n<p><b>Karakter<\/b><strong>:<\/strong> Citrus, bloemig, hout, fris, kruidig &#8230;.<\/p>\n<p><b>Opmerking<\/b><strong>:<\/strong> Lees de gebruikshandleiding van het begeuringsapparaat en de geurstoffen die bij het apparaat zijn toegevoegd.<\/p>\n","protected":false},"excerpt":{"rendered":"<p>Artikelnummer: AS<span style=\"font-weight: inherit;\">-Aromatherapie-Diffuser-SIENA-Wit\/ Ros\u00e9goud<\/span><\/p>\n<p>Reguliere Prijs incl. 21% BTW, incl. Verzendkosten<\/p>\n<p style=\"text-align: left;\">Levertijd: 1-2 dag(en) (NL, B)<br \/>\n3-7 dagen overige bestemmingen<\/p>\n<p><strong>Inhoud Verpakking:<\/strong><\/p>\n<p>1 Aromatherapie Diffusor SIENA in Wit met ros\u00e9goud accenten incl.. 1x10ml Flesje om zelf bij te kunnen vullen, 1x USB Kabel, 1x Handleiding. Mooie exclusieve verpakking.<\/p>\n<p>&nbsp;<\/p>\n","protected":false},"featured_media":1875,"comment_status":"open","ping_status":"closed","template":"","meta":[],"product_brand":[],"product_cat":[97,8],"product_tag":[85,86,89,88,87,91,90,92,94,93,95,96],"class_list":{"0":"post-1873","1":"product","2":"type-product","3":"status-publish","4":"has-post-thumbnail","6":"product_cat-geurdiffuser","7":"product_cat-aroma-douchekop","8":"product_tag-aromatherapie-diffuser","9":"product_tag-batterij-diffuser","10":"product_tag-begeuring-met-essentiele-olie","11":"product_tag-begeuring-met-etherische-olie","12":"product_tag-begeuringsapparaat","13":"product_tag-geurapparaat","14":"product_tag-geurdiffuser","15":"product_tag-koudverneveling","16":"product_tag-luchtdiffuser-voor-etherische-olie","17":"product_tag-luchtverfrisser","18":"product_tag-nano-koudverneveling","19":"product_tag-wireless-vernevelaar","21":"first","22":"instock","23":"taxable","24":"shipping-taxable","25":"purchasable","26":"product-type-simple","27":"czr-hentry"},"yoast_head":"<!-- This site is optimized with the Yoast SEO plugin v27.5 - https:\/\/yoast.com\/product\/yoast-seo-wordpress\/ -->\n<title>Aromatherapie Diffuser SIENA - watervrije Luchtverfrisser<\/title>\n<meta name=\"description\" content=\"Aromatherapie-diffuser SIENA. Kwalitatief, sereen begeuren van ruimtes met pure essences Voor een aangenamer gevoel en een betere beleving van een ruimte.\" \/>\n<meta name=\"robots\" content=\"index, follow, max-snippet:-1, max-image-preview:large, max-video-preview:-1\" \/>\n<link rel=\"canonical\" href=\"https:\/\/douchesensation.com\/douchesensation\/product\/luchtverfrisser-siena-wit-aromatherapie-diffuser\/\" \/>\n<meta property=\"og:locale\" content=\"nl_NL\" \/>\n<meta property=\"og:type\" content=\"article\" \/>\n<meta property=\"og:title\" content=\"Aromatherapie Diffuser SIENA - watervrije Luchtverfrisser\" \/>\n<meta property=\"og:description\" content=\"Aromatherapie-diffuser SIENA. Kwalitatief, sereen begeuren van ruimtes met pure essences Voor een aangenamer gevoel en een betere beleving van een ruimte.\" \/>\n<meta property=\"og:url\" content=\"https:\/\/douchesensation.com\/douchesensation\/product\/luchtverfrisser-siena-wit-aromatherapie-diffuser\/\" \/>\n<meta property=\"og:site_name\" content=\"Aroma Douche | Edel-Geuren | Geurapparaten | Geuroplossingen | Aroma Sensation\" \/>\n<meta property=\"article:publisher\" content=\"https:\/\/www.facebook.com\/aromasensation\" \/>\n<meta property=\"article:modified_time\" content=\"2025-01-07T18:35:09+00:00\" \/>\n<meta property=\"og:image\" content=\"https:\/\/douchesensation.com\/douchesensation\/wp-content\/uploads\/2021\/06\/Aromatherapie_Diffuser_Siena.jpg\" \/>\n\t<meta property=\"og:image:width\" content=\"500\" \/>\n\t<meta property=\"og:image:height\" content=\"500\" \/>\n\t<meta property=\"og:image:type\" content=\"image\/jpeg\" \/>\n<meta name=\"twitter:label1\" content=\"Geschatte leestijd\" \/>\n\t<meta name=\"twitter:data1\" content=\"3 minuten\" \/>\n<script type=\"application\/ld+json\" class=\"yoast-schema-graph\">{\"@context\":\"https:\\\/\\\/schema.org\",\"@graph\":[{\"@type\":\"WebPage\",\"@id\":\"https:\\\/\\\/douchesensation.com\\\/douchesensation\\\/product\\\/luchtverfrisser-siena-wit-aromatherapie-diffuser\\\/\",\"url\":\"https:\\\/\\\/douchesensation.com\\\/douchesensation\\\/product\\\/luchtverfrisser-siena-wit-aromatherapie-diffuser\\\/\",\"name\":\"Aromatherapie Diffuser SIENA - watervrije Luchtverfrisser\",\"isPartOf\":{\"@id\":\"https:\\\/\\\/douchesensation.com\\\/douchesensation\\\/#website\"},\"primaryImageOfPage\":{\"@id\":\"https:\\\/\\\/douchesensation.com\\\/douchesensation\\\/product\\\/luchtverfrisser-siena-wit-aromatherapie-diffuser\\\/#primaryimage\"},\"image\":{\"@id\":\"https:\\\/\\\/douchesensation.com\\\/douchesensation\\\/product\\\/luchtverfrisser-siena-wit-aromatherapie-diffuser\\\/#primaryimage\"},\"thumbnailUrl\":\"https:\\\/\\\/douchesensation.com\\\/douchesensation\\\/wp-content\\\/uploads\\\/2021\\\/06\\\/Aromatherapie_Diffuser_Siena.jpg\",\"datePublished\":\"2021-06-15T10:25:49+00:00\",\"dateModified\":\"2025-01-07T18:35:09+00:00\",\"description\":\"Aromatherapie-diffuser SIENA. Kwalitatief, sereen begeuren van ruimtes met pure essences Voor een aangenamer gevoel en een betere beleving van een ruimte.\",\"breadcrumb\":{\"@id\":\"https:\\\/\\\/douchesensation.com\\\/douchesensation\\\/product\\\/luchtverfrisser-siena-wit-aromatherapie-diffuser\\\/#breadcrumb\"},\"inLanguage\":\"nl-NL\",\"potentialAction\":[{\"@type\":\"ReadAction\",\"target\":[\"https:\\\/\\\/douchesensation.com\\\/douchesensation\\\/product\\\/luchtverfrisser-siena-wit-aromatherapie-diffuser\\\/\"]}]},{\"@type\":\"ImageObject\",\"inLanguage\":\"nl-NL\",\"@id\":\"https:\\\/\\\/douchesensation.com\\\/douchesensation\\\/product\\\/luchtverfrisser-siena-wit-aromatherapie-diffuser\\\/#primaryimage\",\"url\":\"https:\\\/\\\/douchesensation.com\\\/douchesensation\\\/wp-content\\\/uploads\\\/2021\\\/06\\\/Aromatherapie_Diffuser_Siena.jpg\",\"contentUrl\":\"https:\\\/\\\/douchesensation.com\\\/douchesensation\\\/wp-content\\\/uploads\\\/2021\\\/06\\\/Aromatherapie_Diffuser_Siena.jpg\",\"width\":500,\"height\":500},{\"@type\":\"BreadcrumbList\",\"@id\":\"https:\\\/\\\/douchesensation.com\\\/douchesensation\\\/product\\\/luchtverfrisser-siena-wit-aromatherapie-diffuser\\\/#breadcrumb\",\"itemListElement\":[{\"@type\":\"ListItem\",\"position\":1,\"name\":\"Home\",\"item\":\"https:\\\/\\\/douchesensation.com\\\/douchesensation\\\/\"},{\"@type\":\"ListItem\",\"position\":2,\"name\":\"Online Shop\",\"item\":\"https:\\\/\\\/douchesensation.com\\\/douchesensation\\\/online-shop\\\/\"},{\"@type\":\"ListItem\",\"position\":3,\"name\":\"Aromatherapie Diffuser SIENA Wit &#8211; Speciaal Voor Etherische Oli\u00ebn (watervrij en draadloos)\"}]},{\"@type\":\"WebSite\",\"@id\":\"https:\\\/\\\/douchesensation.com\\\/douchesensation\\\/#website\",\"url\":\"https:\\\/\\\/douchesensation.com\\\/douchesensation\\\/\",\"name\":\"Aroma Douche | Edel-Geuren | Geurapparaten | Geuroplossingen | Aroma Sensation\",\"description\":\"One-Stop Professional Scent Solutions\",\"publisher\":{\"@id\":\"https:\\\/\\\/douchesensation.com\\\/douchesensation\\\/#organization\"},\"potentialAction\":[{\"@type\":\"SearchAction\",\"target\":{\"@type\":\"EntryPoint\",\"urlTemplate\":\"https:\\\/\\\/douchesensation.com\\\/douchesensation\\\/?s={search_term_string}\"},\"query-input\":{\"@type\":\"PropertyValueSpecification\",\"valueRequired\":true,\"valueName\":\"search_term_string\"}}],\"inLanguage\":\"nl-NL\"},{\"@type\":\"Organization\",\"@id\":\"https:\\\/\\\/douchesensation.com\\\/douchesensation\\\/#organization\",\"name\":\"Aroma Sensation\",\"url\":\"https:\\\/\\\/douchesensation.com\\\/douchesensation\\\/\",\"logo\":{\"@type\":\"ImageObject\",\"inLanguage\":\"nl-NL\",\"@id\":\"https:\\\/\\\/douchesensation.com\\\/douchesensation\\\/#\\\/schema\\\/logo\\\/image\\\/\",\"url\":\"https:\\\/\\\/i0.wp.com\\\/douchesensation.com\\\/douchesensation\\\/wp-content\\\/uploads\\\/2022\\\/08\\\/Logo-Aroma-Sensation-Oud-Goud-07-05-2021-3cm.png?fit=1026%2C354&ssl=1\",\"contentUrl\":\"https:\\\/\\\/i0.wp.com\\\/douchesensation.com\\\/douchesensation\\\/wp-content\\\/uploads\\\/2022\\\/08\\\/Logo-Aroma-Sensation-Oud-Goud-07-05-2021-3cm.png?fit=1026%2C354&ssl=1\",\"width\":1026,\"height\":354,\"caption\":\"Aroma Sensation\"},\"image\":{\"@id\":\"https:\\\/\\\/douchesensation.com\\\/douchesensation\\\/#\\\/schema\\\/logo\\\/image\\\/\"},\"sameAs\":[\"https:\\\/\\\/www.facebook.com\\\/aromasensation\"]}]}<\/script>\n<!-- \/ Yoast SEO plugin. -->","yoast_head_json":{"title":"Aromatherapie Diffuser SIENA - watervrije Luchtverfrisser","description":"Aromatherapie-diffuser SIENA. Kwalitatief, sereen begeuren van ruimtes met pure essences Voor een aangenamer gevoel en een betere beleving van een ruimte.","robots":{"index":"index","follow":"follow","max-snippet":"max-snippet:-1","max-image-preview":"max-image-preview:large","max-video-preview":"max-video-preview:-1"},"canonical":"https:\/\/douchesensation.com\/douchesensation\/product\/luchtverfrisser-siena-wit-aromatherapie-diffuser\/","og_locale":"nl_NL","og_type":"article","og_title":"Aromatherapie Diffuser SIENA - watervrije Luchtverfrisser","og_description":"Aromatherapie-diffuser SIENA. Kwalitatief, sereen begeuren van ruimtes met pure essences Voor een aangenamer gevoel en een betere beleving van een ruimte.","og_url":"https:\/\/douchesensation.com\/douchesensation\/product\/luchtverfrisser-siena-wit-aromatherapie-diffuser\/","og_site_name":"Aroma Douche | Edel-Geuren | Geurapparaten | Geuroplossingen | Aroma Sensation","article_publisher":"https:\/\/www.facebook.com\/aromasensation","article_modified_time":"2025-01-07T18:35:09+00:00","og_image":[{"width":500,"height":500,"url":"https:\/\/douchesensation.com\/douchesensation\/wp-content\/uploads\/2021\/06\/Aromatherapie_Diffuser_Siena.jpg","type":"image\/jpeg"}],"twitter_misc":{"Geschatte leestijd":"3 minuten"},"schema":{"@context":"https:\/\/schema.org","@graph":[{"@type":"WebPage","@id":"https:\/\/douchesensation.com\/douchesensation\/product\/luchtverfrisser-siena-wit-aromatherapie-diffuser\/","url":"https:\/\/douchesensation.com\/douchesensation\/product\/luchtverfrisser-siena-wit-aromatherapie-diffuser\/","name":"Aromatherapie Diffuser SIENA - watervrije Luchtverfrisser","isPartOf":{"@id":"https:\/\/douchesensation.com\/douchesensation\/#website"},"primaryImageOfPage":{"@id":"https:\/\/douchesensation.com\/douchesensation\/product\/luchtverfrisser-siena-wit-aromatherapie-diffuser\/#primaryimage"},"image":{"@id":"https:\/\/douchesensation.com\/douchesensation\/product\/luchtverfrisser-siena-wit-aromatherapie-diffuser\/#primaryimage"},"thumbnailUrl":"https:\/\/douchesensation.com\/douchesensation\/wp-content\/uploads\/2021\/06\/Aromatherapie_Diffuser_Siena.jpg","datePublished":"2021-06-15T10:25:49+00:00","dateModified":"2025-01-07T18:35:09+00:00","description":"Aromatherapie-diffuser SIENA. Kwalitatief, sereen begeuren van ruimtes met pure essences Voor een aangenamer gevoel en een betere beleving van een ruimte.","breadcrumb":{"@id":"https:\/\/douchesensation.com\/douchesensation\/product\/luchtverfrisser-siena-wit-aromatherapie-diffuser\/#breadcrumb"},"inLanguage":"nl-NL","potentialAction":[{"@type":"ReadAction","target":["https:\/\/douchesensation.com\/douchesensation\/product\/luchtverfrisser-siena-wit-aromatherapie-diffuser\/"]}]},{"@type":"ImageObject","inLanguage":"nl-NL","@id":"https:\/\/douchesensation.com\/douchesensation\/product\/luchtverfrisser-siena-wit-aromatherapie-diffuser\/#primaryimage","url":"https:\/\/douchesensation.com\/douchesensation\/wp-content\/uploads\/2021\/06\/Aromatherapie_Diffuser_Siena.jpg","contentUrl":"https:\/\/douchesensation.com\/douchesensation\/wp-content\/uploads\/2021\/06\/Aromatherapie_Diffuser_Siena.jpg","width":500,"height":500},{"@type":"BreadcrumbList","@id":"https:\/\/douchesensation.com\/douchesensation\/product\/luchtverfrisser-siena-wit-aromatherapie-diffuser\/#breadcrumb","itemListElement":[{"@type":"ListItem","position":1,"name":"Home","item":"https:\/\/douchesensation.com\/douchesensation\/"},{"@type":"ListItem","position":2,"name":"Online Shop","item":"https:\/\/douchesensation.com\/douchesensation\/online-shop\/"},{"@type":"ListItem","position":3,"name":"Aromatherapie Diffuser SIENA Wit &#8211; Speciaal Voor Etherische Oli\u00ebn (watervrij en draadloos)"}]},{"@type":"WebSite","@id":"https:\/\/douchesensation.com\/douchesensation\/#website","url":"https:\/\/douchesensation.com\/douchesensation\/","name":"Aroma Douche | Edel-Geuren | Geurapparaten | Geuroplossingen | Aroma Sensation","description":"One-Stop Professional Scent Solutions","publisher":{"@id":"https:\/\/douchesensation.com\/douchesensation\/#organization"},"potentialAction":[{"@type":"SearchAction","target":{"@type":"EntryPoint","urlTemplate":"https:\/\/douchesensation.com\/douchesensation\/?s={search_term_string}"},"query-input":{"@type":"PropertyValueSpecification","valueRequired":true,"valueName":"search_term_string"}}],"inLanguage":"nl-NL"},{"@type":"Organization","@id":"https:\/\/douchesensation.com\/douchesensation\/#organization","name":"Aroma Sensation","url":"https:\/\/douchesensation.com\/douchesensation\/","logo":{"@type":"ImageObject","inLanguage":"nl-NL","@id":"https:\/\/douchesensation.com\/douchesensation\/#\/schema\/logo\/image\/","url":"https:\/\/i0.wp.com\/douchesensation.com\/douchesensation\/wp-content\/uploads\/2022\/08\/Logo-Aroma-Sensation-Oud-Goud-07-05-2021-3cm.png?fit=1026%2C354&ssl=1","contentUrl":"https:\/\/i0.wp.com\/douchesensation.com\/douchesensation\/wp-content\/uploads\/2022\/08\/Logo-Aroma-Sensation-Oud-Goud-07-05-2021-3cm.png?fit=1026%2C354&ssl=1","width":1026,"height":354,"caption":"Aroma Sensation"},"image":{"@id":"https:\/\/douchesensation.com\/douchesensation\/#\/schema\/logo\/image\/"},"sameAs":["https:\/\/www.facebook.com\/aromasensation"]}]}},"_links":{"self":[{"href":"https:\/\/douchesensation.com\/douchesensation\/wp-json\/wp\/v2\/product\/1873","targetHints":{"allow":["GET"]}}],"collection":[{"href":"https:\/\/douchesensation.com\/douchesensation\/wp-json\/wp\/v2\/product"}],"about":[{"href":"https:\/\/douchesensation.com\/douchesensation\/wp-json\/wp\/v2\/types\/product"}],"replies":[{"embeddable":true,"href":"https:\/\/douchesensation.com\/douchesensation\/wp-json\/wp\/v2\/comments?post=1873"}],"wp:featuredmedia":[{"embeddable":true,"href":"https:\/\/douchesensation.com\/douchesensation\/wp-json\/wp\/v2\/media\/1875"}],"wp:attachment":[{"href":"https:\/\/douchesensation.com\/douchesensation\/wp-json\/wp\/v2\/media?parent=1873"}],"wp:term":[{"taxonomy":"product_brand","embeddable":true,"href":"https:\/\/douchesensation.com\/douchesensation\/wp-json\/wp\/v2\/product_brand?post=1873"},{"taxonomy":"product_cat","embeddable":true,"href":"https:\/\/douchesensation.com\/douchesensation\/wp-json\/wp\/v2\/product_cat?post=1873"},{"taxonomy":"product_tag","embeddable":true,"href":"https:\/\/douchesensation.com\/douchesensation\/wp-json\/wp\/v2\/product_tag?post=1873"}],"curies":[{"name":"wp","href":"https:\/\/api.w.org\/{rel}","templated":true}]}}