{"id":662,"date":"2015-05-10T22:13:57","date_gmt":"2015-05-10T20:13:57","guid":{"rendered":"https:\/\/douchesensation.com\/deutsch\/?post_type=product&#038;p=662"},"modified":"2026-02-19T14:03:28","modified_gmt":"2026-02-19T13:03:28","slug":"online-shop-aroma-dusche-professional","status":"publish","type":"product","link":"https:\/\/douchesensation.com\/deutsch\/produkt\/online-shop-aroma-dusche-professional\/","title":{"rendered":"Aroma Dusche <b>Professional<\/b> mit Duft und Vitamin C"},"content":{"rendered":"<h2>Aroma Dusche Professional mit DUFT und ANTIBAKTERIELLER Wirkung<\/h2>\n<p><iframe loading=\"lazy\" src=\"https:\/\/player.vimeo.com\/video\/530854389?dnt=1&amp;app_id=122963\" width=\"1170\" height=\"658\" frameborder=\"0\" allow=\"autoplay; fullscreen; picture-in-picture; clipboard-write; encrypted-media; web-share\" referrerpolicy=\"strict-origin-when-cross-origin\"><\/iframe><\/p>\n<p>Das Wichtigste zur <a href=\"https:\/\/douchesensation.com\/deutsch\/produkt\/aroma-gel-filter-3-stueck-provence-enlightenment-lavendel\/\">Aroma<\/a> Dusche PROFESSIONAL im \u00dcberblick:<\/p>\n<table style=\"width: 957px;\">\n<tbody>\n<tr>\n<td style=\"width: 459px;\">1. \u00a0 \u00a0Aroma Dusche, Modell Professional,<br \/>\nHandbrause<\/td>\n<td style=\"width: 476px;\">Patentierter SPA Massage-Effekt.<\/td>\n<\/tr>\n<tr>\n<td style=\"width: 459px;\">2.\u00a0\u00a0\u00a0 Turbo\u00a0Eco Wasserstrahl<\/td>\n<td style=\"width: 476px;\">Kr\u00e4ftiger Wasserstrahl kombiniert mit ~25% weniger Wasserverbrauch, 8.5 l\/Min., mit einem professionellen Begrenzer (6-7 l\/Min.)<\/td>\n<\/tr>\n<tr>\n<td style=\"width: 459px;\">3.\u00a0\u00a0\u00a0 Aroma (Zitrone)<\/td>\n<td style=\"width: 476px;\">Ausgestattet mit einem Zitrus-Aroma Vitamin C Gel Filter f\u00fcr ein extra entspanntes Duscherlebnis. Die\u00a0Gel Kartusche reicht f\u00fcr ca. 2 Monate bzw. 6\u00b4000 Liter Wasser.<\/td>\n<\/tr>\n<tr>\n<td style=\"width: 459px;\">4.\u00a0\u00a0\u00a0 Vitamin C<\/td>\n<td style=\"width: 476px;\">Angereichert mit nat\u00fcrlichem Vitamin C. F\u00fcr eine glatte, sch\u00f6ne Haut und gl\u00e4nzendes Haar.<\/td>\n<\/tr>\n<tr>\n<td style=\"width: 459px;\">5. \u00a0 \u00a0Drei intelligente Filtertechnologien<\/td>\n<td style=\"width: 476px;\">1. \u00a0 \u00a0 \u00a0 Chlorfilter[hr]2. \u00a0 \u00a0 \u00a0 Anti-Bakterienfilter[hr]3. \u00a0 \u00a0 \u00a0\u00a0Mikrofilter<\/td>\n<\/tr>\n<tr>\n<td style=\"width: 459px;\">6.\u00a0\u00a0\u00a0 Ionisator<\/td>\n<td style=\"width: 476px;\">Die patentierte Duschsiebplatte kreiert 421.000 ccm3 negative Ionen. Dies ist 4 mal mehr als der gemessene Wert um einen nat\u00fcrlichen Wasserfall, wie z.B. der Niagara. Negativ-Ionen sorgen daf\u00fcr, dass die Sauerstoffaufnahme in den Organen verbessert wird. Dies steigert das Wohlgef\u00fchl und verlangsamt den Alterungsprozess.<\/td>\n<\/tr>\n<tr>\n<td style=\"width: 459px;\">7. \u00a0 \u00a0Technische Daten<\/td>\n<td style=\"width: 476px;\">Masse: 80 x 63 x 278 mm<br \/>\nMaterial: ABS Kunststoff, verchromt, Duschplatte aus rostfreiem Edelstahl<br \/>\nFarbe: silber, gl\u00e4nzend<br \/>\nGewicht: 280 Gramm<\/td>\n<\/tr>\n<tr>\n<td style=\"width: 459px;\">8. \u00a0 \u00a0Universalanschluss<\/td>\n<td style=\"width: 476px;\">Passt auf jeden handels\u00fcblichen Duschschlauch in der Welt.<\/td>\n<\/tr>\n<\/tbody>\n<\/table>\n<h2><\/h2>\n","protected":false},"excerpt":{"rendered":"<p>+ Hautfreundlicher Turbo-Duschstrahl<\/p>\n<p>+ Vitamin C<\/p>\n<p>+ Zitronenaroma<\/p>\n<p>+ Vier Wasserfilter (Bakterien, Kalk, Rost, Chlor)<\/p>\n<p>+ Ionisator<\/p>\n<p>+ Wassereinsparung<\/p>\n<p style=\"text-align: left;\">Erleben Sie die perfekte Dusche: Dank vieler kleiner, speziell geschliffener D\u00fcsen wird das Wasser zu einem \u00e4u\u00dferst angenehmen, gleichm\u00e4\u00dfig verteilten Strahl, der sich sanft \u00fcber Ihren K\u00f6rper verteilt. Angereichert mit Vitamin C, sch\u00fctzt und pflegt es Ihre Haut, w\u00e4hrend wohltuende Aromen Ihre Sinne verw\u00f6hnen. W\u00e4hlen Sie aus einer Vielzahl herrlicher Aromen, die separat erh\u00e4ltlich sind, und sparen Sie dabei Wasser, ohne auf Komfort zu verzichten. G\u00f6nnen Sie sich dieses luxuri\u00f6se Duscherlebnis und f\u00fchlen Sie sich revitalisiert und erfrischt!<\/p>\n<p>&nbsp;<\/p>\n<p><strong>6 Produkte in 1<\/strong>:<\/p>\n<ol>\n<li>Spa Wellness\u00a0Handbrause<\/li>\n<li>Turbo Eco\u00a0Wasserstrahl<\/li>\n<li>Mit Aroma (Zitrone)<\/li>\n<li>Hautpflegendes Vitamin C<\/li>\n<li>Drei intelligente Filtertechnolgien<br \/>\ngegen Bakterien, Rost, Chlor<\/li>\n<li>Ionisator<\/li>\n<\/ol>\n<hr \/>\n<p>Artikelnummer: AD-9000-P<\/p>\n<p>Preis inkl. 21% MwSt, inkl. <a href=\"https:\/\/douchesensation.com\/deutsch\/support\/versandkosten\/\">Versandkosten<\/a><\/p>\n<p style=\"text-align: left;\">Lieferzeit: 1-2 Tag(e) (NL, B)<br \/>\n3-7 Tage \u00fcbrige\u00a0Destinationen<\/p>\n<p><strong>Lieferumfang pro Einheit:<\/strong><\/p>\n<p>1 Duschkopf (Handbrause) mit 1 Aroma Gel Filter Oriental Sunrise (Zitrone)\u00a0&amp;\u00a01 Microvlies Filter<\/p>\n<p><em>Wir empfehlen zu diesem Produkt zus\u00e4tzlich das\u00a0<a href=\"https:\/\/douchesensation.com\/deutsch\/produkt\/online-shop-microvlies-professional-aroma-dusche-5-stueck\/\">5er Set Microvlies Filter PROFESSIONAL\u00a0<\/a>, da die Microvlies Filter\u00a0je nach Wasserleitung und Wasserqualit\u00e4t regelm\u00e4\u00dfig (ca. alle 2 -3 Monate) ausgetauscht werden sollten.<\/em><\/p>\n<p>&nbsp;<\/p>\n","protected":false},"featured_media":2042,"comment_status":"open","ping_status":"closed","template":"","meta":[],"product_brand":[],"product_cat":[26],"product_tag":[195,196,43,21,37,36,95,22,34,35,260,197,45,198,40,41,80,42,23,81,39,112,113,29,44,18,24],"class_list":{"0":"post-662","1":"product","2":"type-product","3":"status-publish","4":"has-post-thumbnail","6":"product_cat-aroma-duschkopf","7":"product_tag-antibakteriell","8":"product_tag-antibakterieller-duschkopf","9":"product_tag-antichlor-dusche","10":"product_tag-aroma-dusche","11":"product_tag-aroma-dusche-online-shop","12":"product_tag-aroma-duschkopf","13":"product_tag-aroma-handbrause","14":"product_tag-aroma-sense-vitaldusche","15":"product_tag-aroma-wellness-dusche","16":"product_tag-aroma-wellness-duschkopf","17":"product_tag-as-9000","18":"product_tag-duschbrause-antibakteriell","19":"product_tag-duschbrause-mit-aroma","20":"product_tag-duschkopf-antibakteriell","21":"product_tag-eco-duschkopf","22":"product_tag-eco-shower","23":"product_tag-genuss-duschkopf","24":"product_tag-handbrause-mit-vitamin-c","25":"product_tag-ionen-duschkopf","26":"product_tag-lifestyle-duschkopf","27":"product_tag-vitaldusche","28":"product_tag-vitamin-c-dusche","29":"product_tag-vitamin-c-duschkopf","30":"product_tag-vitamin-c-vital-dusche","31":"product_tag-wellness-brause","32":"product_tag-wellness-dusche","33":"product_tag-wellness-duschkopf","35":"first","36":"instock","37":"taxable","38":"shipping-taxable","39":"purchasable","40":"product-type-simple","41":"czr-hentry"},"_links":{"self":[{"href":"https:\/\/douchesensation.com\/deutsch\/wp-json\/wp\/v2\/product\/662","targetHints":{"allow":["GET"]}}],"collection":[{"href":"https:\/\/douchesensation.com\/deutsch\/wp-json\/wp\/v2\/product"}],"about":[{"href":"https:\/\/douchesensation.com\/deutsch\/wp-json\/wp\/v2\/types\/product"}],"replies":[{"embeddable":true,"href":"https:\/\/douchesensation.com\/deutsch\/wp-json\/wp\/v2\/comments?post=662"}],"wp:featuredmedia":[{"embeddable":true,"href":"https:\/\/douchesensation.com\/deutsch\/wp-json\/wp\/v2\/media\/2042"}],"wp:attachment":[{"href":"https:\/\/douchesensation.com\/deutsch\/wp-json\/wp\/v2\/media?parent=662"}],"wp:term":[{"taxonomy":"product_brand","embeddable":true,"href":"https:\/\/douchesensation.com\/deutsch\/wp-json\/wp\/v2\/product_brand?post=662"},{"taxonomy":"product_cat","embeddable":true,"href":"https:\/\/douchesensation.com\/deutsch\/wp-json\/wp\/v2\/product_cat?post=662"},{"taxonomy":"product_tag","embeddable":true,"href":"https:\/\/douchesensation.com\/deutsch\/wp-json\/wp\/v2\/product_tag?post=662"}],"curies":[{"name":"wp","href":"https:\/\/api.w.org\/{rel}","templated":true}]}}