{"id":2385,"date":"2020-03-13T16:55:37","date_gmt":"2020-03-13T15:55:37","guid":{"rendered":"https:\/\/douchesensation.com\/deutsch\/?post_type=product&#038;p=2385"},"modified":"2024-01-02T14:46:03","modified_gmt":"2024-01-02T13:46:03","slug":"microvlies-fuer-eco_turbo-3-stueck","status":"publish","type":"product","link":"https:\/\/douchesensation.com\/deutsch\/produkt\/microvlies-fuer-eco_turbo-3-stueck\/","title":{"rendered":"Microvlies (f\u00fcr Eco Turbo), 3 St\u00fcck (extra dick)"},"content":{"rendered":"<h2><strong>Microvlies ECO TURBO<\/strong><\/h2>\n<p>Das Microvlies ECO TURBO h\u00e4lt das Wasser sauber von Verunreinigungen (z.B. Rost, Schmutz, Partikel, Kalk etc.), die auf Grund von Belastungen in den Wasserleitungen und je nach Wasserqualit\u00e4t auftreten k\u00f6nnen.<\/p>\n<p dir=\"ltr\">Die wei\u00dfe Farbe des Mikrovlies verf\u00e4rbt sich in der Regel, je nach Sauberkeit der Leitungen sowie der Wasserh\u00e4rte in eine hell- bis dunkelbraune Farbe (in der Regel geschieht das nach 2-3 Monaten).<\/p>\n<p dir=\"ltr\">Jedes Land und jede Region verf\u00fcgt \u00fcber unterschiedliche Bedingungen und deshalb ist der oben genannte Wert nur eine allgemeine Faustregel.<\/p>\n<p dir=\"ltr\">Wir empfehlen den Microvlies regelm\u00e4\u00dfig zu ersetzen, wenn es sich durch Kalk verh\u00e4rtet oder verf\u00e4rbt hat.<\/p>\n<p dir=\"ltr\">Nur so ist garantiert, dass der Duschstrahl weiterhin regelm\u00e4\u00dfig austritt und Sie vom kr\u00e4ftigen, dichten Wasserstrahl genie\u00dfen k\u00f6nnen.<\/p>\n<p>&nbsp;<\/p>\n","protected":false},"excerpt":{"rendered":"<p>Artikelnummer: MV-PR-SJW-3<\/p>\n<p>Preis inkl. 21% MwSt, ggf. <a href=\"https:\/\/douchesensation.com\/deutsch\/support\/versandkosten\/\">Versandkosten<\/a><\/p>\n<p>Lieferzeit: 1-2 Tag(e) (NL, B)<br \/>\n3-7 Tage \u00fcbrige\u00a0Destinationen<\/p>\n<p>&nbsp;<\/p>\n<p>Rundes, extra dickes Microvlies f\u00fcr Duschkopf Modell ECO TURBO, welches exakt in das Duschkopfgeh\u00e4use passt und daf\u00fcr sorgt, dass das Duschwasser jederzeit frei von Verunreinigungen aller Art bleibt.<\/p>\n<p><u>Verpackungseinheit:<\/u><br \/>\n3 St\u00fcck in einem kleinen Hygienebeutel<br \/>\nGr\u00f6\u00dfe: passend f\u00fcr ECO TURBO<br \/>\nEigenschaft: extra dick<\/p>\n<p>&nbsp;<\/p>\n<p>&nbsp;<\/p>\n<p>&nbsp;<\/p>\n<p>&nbsp;<\/p>\n","protected":false},"featured_media":2401,"comment_status":"open","ping_status":"closed","template":"","meta":[],"product_brand":[],"product_cat":[33],"product_tag":[48],"class_list":{"0":"post-2385","1":"product","2":"type-product","3":"status-publish","4":"has-post-thumbnail","6":"product_cat-microvlies-filter","7":"product_tag-mikrofabrik-filter","9":"first","10":"instock","11":"taxable","12":"shipping-taxable","13":"purchasable","14":"product-type-simple","15":"czr-hentry"},"_links":{"self":[{"href":"https:\/\/douchesensation.com\/deutsch\/wp-json\/wp\/v2\/product\/2385","targetHints":{"allow":["GET"]}}],"collection":[{"href":"https:\/\/douchesensation.com\/deutsch\/wp-json\/wp\/v2\/product"}],"about":[{"href":"https:\/\/douchesensation.com\/deutsch\/wp-json\/wp\/v2\/types\/product"}],"replies":[{"embeddable":true,"href":"https:\/\/douchesensation.com\/deutsch\/wp-json\/wp\/v2\/comments?post=2385"}],"wp:featuredmedia":[{"embeddable":true,"href":"https:\/\/douchesensation.com\/deutsch\/wp-json\/wp\/v2\/media\/2401"}],"wp:attachment":[{"href":"https:\/\/douchesensation.com\/deutsch\/wp-json\/wp\/v2\/media?parent=2385"}],"wp:term":[{"taxonomy":"product_brand","embeddable":true,"href":"https:\/\/douchesensation.com\/deutsch\/wp-json\/wp\/v2\/product_brand?post=2385"},{"taxonomy":"product_cat","embeddable":true,"href":"https:\/\/douchesensation.com\/deutsch\/wp-json\/wp\/v2\/product_cat?post=2385"},{"taxonomy":"product_tag","embeddable":true,"href":"https:\/\/douchesensation.com\/deutsch\/wp-json\/wp\/v2\/product_tag?post=2385"}],"curies":[{"name":"wp","href":"https:\/\/api.w.org\/{rel}","templated":true}]}}