{"id":1145,"date":"2016-08-09T22:13:53","date_gmt":"2016-08-09T20:13:53","guid":{"rendered":"https:\/\/douchesensation.com\/deutsch\/produkt\/online-shop-microvlies-professional-aroma-dusche-5-stueck\/"},"modified":"2024-06-05T13:06:52","modified_gmt":"2024-06-05T11:06:52","slug":"online-shop-microvlies-professional-aroma-dusche-5-stueck","status":"publish","type":"product","link":"https:\/\/douchesensation.com\/deutsch\/produkt\/online-shop-microvlies-professional-aroma-dusche-5-stueck\/","title":{"rendered":"Microvlies (f\u00fcr Professional), 5 St\u00fcck"},"content":{"rendered":"<h2><strong>Microvlies PROFESSIONAL<\/strong><\/h2>\n<p>Das\u00a0Microvlies PROFESSIONAL h\u00e4lt das Wasser sauber von Verunreinigungen (z.B. Rost, Schmutz, Partikel, Kalk etc.), die auf Grund von Belastungen in den Wasserleitungen und je nach Wasserqualit\u00e4t auftreten k\u00f6nnen.<\/p>\n<p dir=\"ltr\">Die wei\u00dfe Farbe des Mikrovlies verf\u00e4rbt sich in der Regel, je nach Sauberkeit der Leitungen sowie der Wasserh\u00e4rte in eine hell- bis dunkelbraune Farbe (in der Regel geschieht das nach 2-3 Monaten).<\/p>\n<p dir=\"ltr\">Jedes Land und jede Region verf\u00fcgt \u00fcber unterschiedliche Bedingungen und deshalb ist der oben genannte Wert nur eine allgemeine Faustregel.<\/p>\n<p dir=\"ltr\">Wir empfehlen den Microvlies regelm\u00e4\u00dfig, am besten jedes Mal, wenn das\u00a0Auswechseln des <a href=\"https:\/\/douchesensation.com\/deutsch\/produkt\/online-shop-aroma-gel-filter-australian-miracle-eukalyptus\/\">Aroma Gel Filters<\/a>\u00a0ansteht, zu ersetzen.<\/p>\n<p dir=\"ltr\">Sollte das Vlies dann aber\u00a0immer noch wei\u00df sein, gen\u00fcgt es manchmal auch, das Microvlies unter dem Wasserhahn zu waschen und wieder einzusetzen (raue Faserseite nach oben). Ist er jedoch durch Kalkr\u00fcckst\u00e4nde hart geworden, dann sollte er unbedingt ausgetauscht werden.<\/p>\n<p dir=\"ltr\">Nur so ist garantiert, dass der Duschstrahl weiterhin regelm\u00e4\u00dfig austritt und Sie vom seidigen, dichten Wasserstrahl genie\u00dfen k\u00f6nnen.<\/p>\n<p>&nbsp;<\/p>\n","protected":false},"excerpt":{"rendered":"<p>Artikelnummer: MV-9000-P<\/p>\n<p>Preis inkl. 21% MwSt, ggf. <a href=\"https:\/\/douchesensation.com\/deutsch\/support\/versandkosten\/\">Versandkosten<\/a><\/p>\n<p>Lieferzeit: 1-2 Tag(e) (NL, B)<br \/>\n3-7 Tage \u00fcbrige\u00a0Destinationen<\/p>\n<p>&nbsp;<\/p>\n<p>Weiches, rundes Microvlies f\u00fcr Duschkopf Modell PROFESSIONAL, welches auf den Filter mit den keramischen K\u00fcgelchen geh\u00f6rt und daf\u00fcr sorgt, dass das Duschwasser jederzeit frei von Verunreinigungen aller Art bleibt.<\/p>\n<p><u>Verpackungseinheit:<\/u><br \/>\n5 St\u00fcck in einem kleinen Hygienebeutel<br \/>\nGr\u00f6\u00dfe: Medium<\/p>\n<p>&nbsp;<\/p>\n<p>&nbsp;<\/p>\n<p>&nbsp;<\/p>\n<p>&nbsp;<\/p>\n","protected":false},"featured_media":1211,"comment_status":"open","ping_status":"closed","template":"","meta":[],"product_brand":[],"product_cat":[33],"product_tag":[48],"class_list":{"0":"post-1145","1":"product","2":"type-product","3":"status-publish","4":"has-post-thumbnail","6":"product_cat-microvlies-filter","7":"product_tag-mikrofabrik-filter","9":"first","10":"instock","11":"taxable","12":"shipping-taxable","13":"purchasable","14":"product-type-simple","15":"czr-hentry"},"_links":{"self":[{"href":"https:\/\/douchesensation.com\/deutsch\/wp-json\/wp\/v2\/product\/1145","targetHints":{"allow":["GET"]}}],"collection":[{"href":"https:\/\/douchesensation.com\/deutsch\/wp-json\/wp\/v2\/product"}],"about":[{"href":"https:\/\/douchesensation.com\/deutsch\/wp-json\/wp\/v2\/types\/product"}],"replies":[{"embeddable":true,"href":"https:\/\/douchesensation.com\/deutsch\/wp-json\/wp\/v2\/comments?post=1145"}],"wp:featuredmedia":[{"embeddable":true,"href":"https:\/\/douchesensation.com\/deutsch\/wp-json\/wp\/v2\/media\/1211"}],"wp:attachment":[{"href":"https:\/\/douchesensation.com\/deutsch\/wp-json\/wp\/v2\/media?parent=1145"}],"wp:term":[{"taxonomy":"product_brand","embeddable":true,"href":"https:\/\/douchesensation.com\/deutsch\/wp-json\/wp\/v2\/product_brand?post=1145"},{"taxonomy":"product_cat","embeddable":true,"href":"https:\/\/douchesensation.com\/deutsch\/wp-json\/wp\/v2\/product_cat?post=1145"},{"taxonomy":"product_tag","embeddable":true,"href":"https:\/\/douchesensation.com\/deutsch\/wp-json\/wp\/v2\/product_tag?post=1145"}],"curies":[{"name":"wp","href":"https:\/\/api.w.org\/{rel}","templated":true}]}}