{"id":99,"date":"2015-01-15T16:29:11","date_gmt":"2015-01-15T16:29:11","guid":{"rendered":"https:\/\/douchesensation.com\/deutsch\/?page_id=99"},"modified":"2016-10-01T10:09:42","modified_gmt":"2016-10-01T08:09:42","slug":"wellness","status":"publish","type":"page","link":"https:\/\/douchesensation.com\/deutsch\/wasser\/wellness\/","title":{"rendered":"Wellness"},"content":{"rendered":"<h3><strong><em>&#8222;DUSCHEN ist ein Bed\u00fcrfnis,\u00a0GENUSS<\/em><em>\u00a0eine Kunst.&#8220;<\/em><\/strong><\/h3>\n<h2><strong>Wellness f\u00fcr mehr Lebensfreude und Genuss<\/strong><\/h2>\n<p>Aroma Genuss hei\u00dft das neue Zauberwort, wenn es um Wellness geht.<\/p>\n<p>\u00dcbersetzen l\u00e4sst sich der Begriff Wellness am ehesten mit Wohlbefinden (Wellbeing and Happiness). Gemeint ist damit das Einssein zwischen K\u00f6rper, Geist und Seele. Gelassenheit und Wohlbefinden. Gerade in der heutigen immer hektischeren Zeit, gewinnt Wellness immer mehr an Bedeutung. Die Menschen sehnen sich danach, sich zu entspannen und innere Ruhe zu finden.<\/p>\n<p>&nbsp;<\/p>\n<h3><a href=\"https:\/\/douchesensation.com\/deutsch\/wp-content\/uploads\/sites\/5\/2015\/01\/4S\u00e4ulenWellness_deutsch.jpg\"><img loading=\"lazy\" decoding=\"async\" class=\"alignright wp-image-161\" src=\"https:\/\/douchesensation.com\/deutsch\/wp-content\/uploads\/sites\/5\/2015\/01\/4S\u00e4ulenWellness_deutsch-1024x705.jpg\" alt=\"4S\u00e4ulenWellness_deutsch\" width=\"550\" height=\"379\" srcset=\"https:\/\/douchesensation.com\/deutsch\/wp-content\/uploads\/sites\/5\/2015\/01\/4S\u00e4ulenWellness_deutsch-1024x705.jpg 1024w, https:\/\/douchesensation.com\/deutsch\/wp-content\/uploads\/sites\/5\/2015\/01\/4S\u00e4ulenWellness_deutsch-300x207.jpg 300w, https:\/\/douchesensation.com\/deutsch\/wp-content\/uploads\/sites\/5\/2015\/01\/4S\u00e4ulenWellness_deutsch.jpg 1063w\" sizes=\"auto, (max-width: 550px) 100vw, 550px\" \/><\/a><strong>Entspannung und Wohlgef\u00fchl basiert auf 4 Grunds\u00e4ulen:<\/strong><\/h3>\n<p>&nbsp;<\/p>\n<ol>\n<li>gesunde Ern\u00e4hrung,<\/li>\n<li>ausreichend Bewegung,<\/li>\n<li>Achtsamkeit und Entspannung,<\/li>\n<li>Frischluft und Naturerfahrungen.<\/li>\n<\/ol>\n<p>&nbsp;<\/p>\n<p>&nbsp;<\/p>\n<h3><\/h3>\n<h3><\/h3>\n<h3><strong>Wir duschen mit WELLNESS. Und Sie?<\/strong><\/h3>\n<p><span style=\"color: #3366ff;\"><a style=\"color: #3366ff;\" href=\"https:\/\/douchesensation.com\/deutsch\/produkte\/aroma-duschkopf-mit-vitamin-c\/\"><strong>Aroma Wellness Duschkopf\u00a0mit Vitamin C<\/strong><\/a><\/span><\/p>\n<p>Wer sich ein zus\u00e4tzliches St\u00fcck Wellness in die eigenen vier W\u00e4nde holen m\u00f6chte, der sollte auf eine Dusche mit Aroma-Essenz setzen.<\/p>\n<p>Die einzigartige Dusche mit dem <a title=\"Aroma\" href=\"https:\/\/douchesensation.com\/deutsch\/wasser\/aroma\/\">Aromatherapie-Effekt<\/a> bringt den <strong>Mini Wellnessurlaub<\/strong> direkt ins Badezimmer.\u00a0Konkurrenzlos in Form und Funktion \u2013 f\u00fcr Ihre Gesundheit und unsere Umwelt.<\/p>\n<p>Der Aroma Duschkopf Professional\u00a0ist ein Premium-Duschkopf mit Vitamin C Anreicherung, die sich bei den meisten Menschen \u00e4u\u00dferst g\u00fcnstig auf Haut und Haare auswirkt. Mit seinem Aromatherapie-Effekt und unz\u00e4hligen negativen Ionen ist er ein wahrer Jungbrunnen f\u00fcr K\u00f6rper, Seele und Geist.<\/p>\n<p>Auch Chlor, Bakterien und andere Schadstoffe k\u00f6nnen durch intelligente Filtertechnologie nahezu vollst\u00e4ndig eliminiert werden.<\/p>\n<p>&nbsp;<\/p>\n<h3><strong>Wie einfaches Duschen zum Erlebnis wird\u00a0!<\/strong><\/h3>\n<h4><\/h4>\n<div id=\"attachment_703\" style=\"width: 310px\" class=\"wp-caption alignleft\"><a href=\"https:\/\/douchesensation.com\/deutsch\/wp-content\/uploads\/sites\/5\/2015\/07\/Aroma-Douche-Professional-1.jpg\"><img loading=\"lazy\" decoding=\"async\" aria-describedby=\"caption-attachment-703\" class=\"wp-image-703 size-medium\" src=\"https:\/\/douchesensation.com\/deutsch\/wp-content\/uploads\/sites\/5\/2015\/07\/Aroma-Douche-Professional-1-300x300.jpg\" alt=\"Aroma Wellness Dusche Professional\" width=\"300\" height=\"300\" srcset=\"https:\/\/douchesensation.com\/deutsch\/wp-content\/uploads\/sites\/5\/2015\/07\/Aroma-Douche-Professional-1-300x300.jpg 300w, https:\/\/douchesensation.com\/deutsch\/wp-content\/uploads\/sites\/5\/2015\/07\/Aroma-Douche-Professional-1-150x150.jpg 150w, https:\/\/douchesensation.com\/deutsch\/wp-content\/uploads\/sites\/5\/2015\/07\/Aroma-Douche-Professional-1-180x180.jpg 180w, https:\/\/douchesensation.com\/deutsch\/wp-content\/uploads\/sites\/5\/2015\/07\/Aroma-Douche-Professional-1.jpg 500w\" sizes=\"auto, (max-width: 300px) 100vw, 300px\" \/><\/a><p id=\"caption-attachment-703\" class=\"wp-caption-text\">Aroma Wellness Duschkopf Professional<\/p><\/div>\n<h3><strong>Riechen\u00a0&#8230;.<\/strong><\/h3>\n<p>Das Duschwasser wird ganz zart aromatisiert.<\/p>\n<p>Ein wohltuender Duft verbreitet sich im ganzen Raum.<\/p>\n<p>Die Duftrichtung Zitrone erfrischt und umschmeichelt Ihre Sinne.<\/p>\n<h3><strong>Sp\u00fcren und Erleben\u00a0&#8230;.<\/strong><\/h3>\n<p>Duschen Sie wie unter einem seidenen Wasserfall.<\/p>\n<p>Genie\u00dfen Sie das kuschelige, wohlige Gef\u00fchl auf Ihrer Haut.<\/p>\n<p>F\u00fchlen Sie sich entspannt.<\/p>\n<p>Erleben Sie seidig gepflegte Haut und Haare.<\/p>\n<p><strong>Nehmen Sie <span style=\"color: #3366ff;\"><a style=\"color: #3366ff;\" title=\"Kontakt\" href=\"https:\/\/douchesensation.com\/deutsch\/support\/kontakt\/\">K<\/a><\/span><\/strong><span style=\"color: #3366ff;\"><a style=\"color: #3366ff;\" title=\"Kontakt\" href=\"https:\/\/douchesensation.com\/deutsch\/support\/kontakt\/\"><strong>ontakt<\/strong><\/a><\/span><strong>\u00a0mit uns auf, wir beraten Sie gerne pers\u00f6nlich.<\/strong><\/p>\n<h2><\/h2>\n<h2><\/h2>\n<h2><\/h2>\n<h2><\/h2>\n<h2><\/h2>\n<h2><\/h2>\n<h2><\/h2>\n<h2><\/h2>\n<h2><\/h2>\n<p>&nbsp;<\/p>\n<h3><\/h3>\n","protected":false},"excerpt":{"rendered":"<p>&#8222;DUSCHEN ist ein Bed\u00fcrfnis,\u00a0GENUSS\u00a0eine Kunst.&#8220; Wellness f\u00fcr mehr Lebensfreude und Genuss Aroma Genuss hei\u00dft das neue Zauberwort, wenn es um Wellness geht. \u00dcbersetzen l\u00e4sst sich der Begriff Wellness am ehesten mit Wohlbefinden (Wellbeing and Happiness). Gemeint ist damit das Einssein zwischen K\u00f6rper, Geist und Seele. Gelassenheit und Wohlbefinden. Gerade in der heutigen immer hektischeren Zeit, [&hellip;]<\/p>\n","protected":false},"author":1,"featured_media":0,"parent":1647,"menu_order":0,"comment_status":"closed","ping_status":"closed","template":"","meta":{"footnotes":""},"class_list":["post-99","page","type-page","status-publish","czr-hentry"],"_links":{"self":[{"href":"https:\/\/douchesensation.com\/deutsch\/wp-json\/wp\/v2\/pages\/99","targetHints":{"allow":["GET"]}}],"collection":[{"href":"https:\/\/douchesensation.com\/deutsch\/wp-json\/wp\/v2\/pages"}],"about":[{"href":"https:\/\/douchesensation.com\/deutsch\/wp-json\/wp\/v2\/types\/page"}],"author":[{"embeddable":true,"href":"https:\/\/douchesensation.com\/deutsch\/wp-json\/wp\/v2\/users\/1"}],"replies":[{"embeddable":true,"href":"https:\/\/douchesensation.com\/deutsch\/wp-json\/wp\/v2\/comments?post=99"}],"version-history":[{"count":0,"href":"https:\/\/douchesensation.com\/deutsch\/wp-json\/wp\/v2\/pages\/99\/revisions"}],"up":[{"embeddable":true,"href":"https:\/\/douchesensation.com\/deutsch\/wp-json\/wp\/v2\/pages\/1647"}],"wp:attachment":[{"href":"https:\/\/douchesensation.com\/deutsch\/wp-json\/wp\/v2\/media?parent=99"}],"curies":[{"name":"wp","href":"https:\/\/api.w.org\/{rel}","templated":true}]}}