{"id":1785,"date":"2016-09-06T20:12:02","date_gmt":"2016-09-06T18:12:02","guid":{"rendered":"https:\/\/douchesensation.com\/deutsch\/?page_id=1785"},"modified":"2016-09-07T11:27:29","modified_gmt":"2016-09-07T09:27:29","slug":"geruchsmanagement","status":"publish","type":"page","link":"https:\/\/douchesensation.com\/deutsch\/luft\/geruchsmanagement\/","title":{"rendered":"Geruchsmanagement"},"content":{"rendered":"<h2><strong>Geruchsmanagement &#8211; unn\u00f6tiger<\/strong><strong>\u00a0Luxus oder wertstiftend?<\/strong><\/h2>\n<p>Riechen geschieht zu 95% unbewusst und findet immer und \u00fcberall statt.<\/p>\n<p>Daher ist die wirksame Stinkstoff-Neutralisation keine Erfindung von findigen Marketing-Experten, sondern eine absolute Notwendigkeit, der zunehmend\u00a0Beachtung geschenkt wird.<\/p>\n<p>Oft wird behauptet, dass die Luft neutral riecht, was in den wenigsten F\u00e4llen der Fall ist. Denn Bodenbel\u00e4ge, M\u00f6bel, Produkte, W\u00e4nde, Textilien etc. sowie Lebewesen haben Eigenger\u00fcche und informieren damit rund um die Uhr die Umgebungsluft.<\/p>\n<p>Jeder wird schon einmal erlebt haben, dass in gut besuchten R\u00e4umen die Umgebungsluft schnell einmal &#8222;dick&#8220; und &#8222;zum Schneiden&#8220; erfahren wird.<\/p>\n<p>&nbsp;<\/p>\n<h3><strong>Konsequenzen von schlechten Ger\u00fcchen<\/strong><\/h3>\n<p>Die Konzentration solcher schlechten Ger\u00fcche braucht aber nicht massiv zu sein, um auf physiologischer Ebene negative Auswirkungen zu haben. Schon wenige Stinkmolek\u00fcle in der Luft f\u00fchren dazu, dass Menschen unkonzentriert werden, dass Aggressionen zunehmen k\u00f6nnen oder dass die Leistung und die Motivation sinken.<\/p>\n<p>Der salopp formulierte Satz: \u201eGestank macht krank!\u201c hat also durchaus Berechtigung und sollte ernst genommen werden. Warnsignale (schlechter Geruch), die durch die Nase aufgenommen werden, besch\u00e4ftigen Menschen auf unbewusster Ebene und f\u00fchren dazu, dass sie sich unwohl und unruhig f\u00fchlen.<\/p>\n<p>Gestank l\u00f6st nicht selten \u00dcbelkeit, Abneigung und Ekel aus. Dies f\u00fchrt zu Unwohlsein und kann tats\u00e4chlich auch in Fluchtgedanken resultieren.<\/p>\n<p>Gespr\u00e4che\u00a0oder Verkaufsprozesse werden abgebrochen oder die Atmosph\u00e4re ist so angestrengt, dass keine positiven Ergebnisse zu Stande kommen.<\/p>\n<p>Genug Gr\u00fcnde also, um dem Thema \u201eSchlechte Ger\u00fcche\u201c Aufmerksamkeit zu schenken und sie wirksam zu neutralisieren.<\/p>\n<p>&nbsp;<\/p>\n<h3><strong>\u00dcberblick einiger st\u00f6render Geruchsquellen<\/strong><\/h3>\n<ul>\n<li>Nikotin &amp; Rauchgeruch<\/li>\n<li>K\u00fcchengeruch<\/li>\n<li>Abfallgeruch<\/li>\n<li>Schimmelgeruch<\/li>\n<li>Modergeruch<\/li>\n<li>Urin-\/F\u00e4kalgeruch (Sanit\u00e4rger\u00fcche)<\/li>\n<li>Schwei\u00dfgeruch und andere K\u00f6rperger\u00fcche<\/li>\n<li>Stickstoff- und Schwefelgeruch<\/li>\n<li>Chemische D\u00e4mpfe (z.B. Farbe, Lacke, Produkte)<\/li>\n<li>Brandgeruch<\/li>\n<li>Tiergeruch (z.B. Hunde, Katzen)<\/li>\n<\/ul>\n<p>&nbsp;<\/p>\n<div id=\"attachment_1777\" style=\"width: 560px\" class=\"wp-caption alignleft\"><a href=\"https:\/\/douchesensation.com\/deutsch\/wp-content\/uploads\/sites\/5\/2015\/01\/Geruchsneutralisation-Botenstoffe.jpg\"><img loading=\"lazy\" decoding=\"async\" aria-describedby=\"caption-attachment-1777\" class=\"wp-image-1777\" src=\"https:\/\/douchesensation.com\/deutsch\/wp-content\/uploads\/sites\/5\/2015\/01\/Geruchsneutralisation-Botenstoffe-1024x683.jpg\" alt=\"Geruchsmanagement\" width=\"550\" height=\"367\" srcset=\"https:\/\/douchesensation.com\/deutsch\/wp-content\/uploads\/sites\/5\/2015\/01\/Geruchsneutralisation-Botenstoffe-1024x683.jpg 1024w, https:\/\/douchesensation.com\/deutsch\/wp-content\/uploads\/sites\/5\/2015\/01\/Geruchsneutralisation-Botenstoffe-300x200.jpg 300w, https:\/\/douchesensation.com\/deutsch\/wp-content\/uploads\/sites\/5\/2015\/01\/Geruchsneutralisation-Botenstoffe-768x512.jpg 768w, https:\/\/douchesensation.com\/deutsch\/wp-content\/uploads\/sites\/5\/2015\/01\/Geruchsneutralisation-Botenstoffe.jpg 1920w\" sizes=\"auto, (max-width: 550px) 100vw, 550px\" \/><\/a><p id=\"caption-attachment-1777\" class=\"wp-caption-text\">Zuerst neutralisieren und dann zarte Duftakzente setzen.<\/p><\/div>\n<h3><strong>Die Kraft positiver\u00a0D\u00fcften<\/strong><\/h3>\n<p>Angenehme Ger\u00fcche k\u00f6nnen unsere Emotionen positiv beeinflussen und f\u00f6rdern das allgemeine Wohlbefinden. Studien belegen, dass die Leistungskraft in wohlriechenden R\u00e4umen steigt.<\/p>\n<p>Positive Ger\u00fcche wirken also stimulierend, motivierend und haben laut Umfrageergebnisse auch eine Steigerung der Kreativit\u00e4t zur Folge.<\/p>\n<p>Bei der Verwendung von \u00e4therischen \u00d6len (reinste Naturprodukte) nehmen sogar Keime und Mikroorganismen in der Umgebungsluft ab, was eine stabilere Gesundheit zur Folge hat. F\u00fcr Unternehmen mit Gro\u00dfraumb\u00fcros kann dies bares Geld bedeuten, wenn man an die Reduktion\u00a0krankheitsbedingter Fehltage denkt.<\/p>\n<p>&nbsp;<\/p>\n<p>&nbsp;<\/p>\n<h3><strong>Biologische Neutralisierung \u2013 wie geht das?<\/strong><\/h3>\n<p>Stinkende Luft auf biologische Art und Weise zu neutralisieren gelingt durch die Verwendung von nat\u00fcrlichen Stoffen die in der Natur vorkommen und die Stinkgeruch an sich binden k\u00f6nnen. Durch die Ver\u00e4nderung der Ausgangsmolek\u00fcle zerbricht die urspr\u00fcngliche Struktur und der Stinkgeruch \u201ezerf\u00e4llt&#8220;.<\/p>\n<p>Ggf. \u00a0kann nun mit naturreinen Duftessenzen eine stimulierende Umgebungsluft gestaltet werden (<a href=\"https:\/\/douchesensation.com\/deutsch\/luft\/air-design\/\">Air Design<\/a>), die mit der Emotions-Ebene von Lebewesen kommuniziert und so Wohlgef\u00fchl hervorrufen. Dieser Prozess verlangt Fingerspitzengef\u00fchl und Erfahrung. Schlechte Ger\u00fcche werden von Menschen als unangenehm empfunden, aber Duftw\u00e4nde ebenso. Deshalb ist unser Ansatz nicht\u00a0&#8222;mehr hilft mehr&#8220;, sondern &#8222;weniger ist mehr&#8220;.<\/p>\n<p>&nbsp;<\/p>\n<h3><strong>Worin besteht der Mehrwert?<\/strong><\/h3>\n<p>Zusammengefasst kann gesagt werden, dass es bei einem aktiven Geruchsmanagement\u00a0darum geht, Problemzonen zu lokalisieren und Stress durch schlechte Ger\u00fcche zu eliminieren.<\/p>\n<p>Nur so kann das Bild, das nach Au\u00dfen vermittelt werden sollen (Wertigkeit eines Produktes oder von R\u00e4umlichkeiten) so transportiert werden, dass es beim Empf\u00e4nger (Besucher, Kunden, Personal) auch ankommt und mit dem restlichen Auftritt\/Branding in Harmonie ist.<\/p>\n<p>Das Wohlgef\u00fchl des Menschen ist elementar f\u00fcr den Erfolg jeder Unternehmung oder Institution.<\/p>\n<p>Neben Sauberkeit werten Menschen, den Geruch in einem Raum mit zweith\u00f6chster\u00a0Priorit\u00e4t.<\/p>\n<p>&nbsp;<\/p>\n<p>M\u00f6chten auch Sie von einer <strong>professionellen Raumanalyse<\/strong> profitieren und das Beste aus Ihren R\u00e4umen herausholen?<\/p>\n<p>Wir beraten Sie sehr gerne pers\u00f6nlich!<\/p>\n<p><a href=\"https:\/\/douchesensation.com\/deutsch\/support\/impressum\/\">Kontakt<\/a><\/p>\n","protected":false},"excerpt":{"rendered":"<p>Geruchsmanagement &#8211; unn\u00f6tiger\u00a0Luxus oder wertstiftend? Riechen geschieht zu 95% unbewusst und findet immer und \u00fcberall statt. Daher ist die wirksame Stinkstoff-Neutralisation keine Erfindung von findigen Marketing-Experten, sondern eine absolute Notwendigkeit, der zunehmend\u00a0Beachtung geschenkt wird. Oft wird behauptet, dass die Luft neutral riecht, was in den wenigsten F\u00e4llen der Fall ist. Denn Bodenbel\u00e4ge, M\u00f6bel, Produkte, W\u00e4nde, [&hellip;]<\/p>\n","protected":false},"author":1,"featured_media":0,"parent":1649,"menu_order":0,"comment_status":"closed","ping_status":"closed","template":"","meta":{"footnotes":""},"class_list":["post-1785","page","type-page","status-publish","czr-hentry"],"_links":{"self":[{"href":"https:\/\/douchesensation.com\/deutsch\/wp-json\/wp\/v2\/pages\/1785","targetHints":{"allow":["GET"]}}],"collection":[{"href":"https:\/\/douchesensation.com\/deutsch\/wp-json\/wp\/v2\/pages"}],"about":[{"href":"https:\/\/douchesensation.com\/deutsch\/wp-json\/wp\/v2\/types\/page"}],"author":[{"embeddable":true,"href":"https:\/\/douchesensation.com\/deutsch\/wp-json\/wp\/v2\/users\/1"}],"replies":[{"embeddable":true,"href":"https:\/\/douchesensation.com\/deutsch\/wp-json\/wp\/v2\/comments?post=1785"}],"version-history":[{"count":0,"href":"https:\/\/douchesensation.com\/deutsch\/wp-json\/wp\/v2\/pages\/1785\/revisions"}],"up":[{"embeddable":true,"href":"https:\/\/douchesensation.com\/deutsch\/wp-json\/wp\/v2\/pages\/1649"}],"wp:attachment":[{"href":"https:\/\/douchesensation.com\/deutsch\/wp-json\/wp\/v2\/media?parent=1785"}],"curies":[{"name":"wp","href":"https:\/\/api.w.org\/{rel}","templated":true}]}}