{"id":111,"date":"2015-01-15T16:44:29","date_gmt":"2015-01-15T16:44:29","guid":{"rendered":"https:\/\/douchesensation.com\/deutsch\/?page_id=111"},"modified":"2016-09-02T11:30:08","modified_gmt":"2016-09-02T09:30:08","slug":"erfahrungsbericht","status":"publish","type":"page","link":"https:\/\/douchesensation.com\/deutsch\/wasser\/erfahrungsbericht\/","title":{"rendered":"Erfahrungsbericht"},"content":{"rendered":"<h2><strong>Neue Dusch-Welten tun sich auf!<\/strong><\/h2>\n<h3><strong><br \/>\n<\/strong><strong><em>Die Aroma Wellness Dusche Professional\u00a0<\/em><\/strong><strong><em>im Praxis-Test.<\/em><\/strong><\/h3>\n<p>&nbsp;<\/p>\n<div id=\"attachment_90\" style=\"width: 290px\" class=\"wp-caption alignright\"><a href=\"https:\/\/douchesensation.com\/deutsch\/wp-content\/uploads\/sites\/5\/2015\/01\/Woman-Shower-1.jpg\"><img loading=\"lazy\" decoding=\"async\" aria-describedby=\"caption-attachment-90\" class=\"wp-image-90\" src=\"https:\/\/douchesensation.com\/deutsch\/wp-content\/uploads\/sites\/5\/2015\/01\/Woman-Shower-1-200x300.jpg\" alt=\"Erfahrungsbericht\" width=\"280\" height=\"420\" srcset=\"https:\/\/douchesensation.com\/deutsch\/wp-content\/uploads\/sites\/5\/2015\/01\/Woman-Shower-1-200x300.jpg 200w, https:\/\/douchesensation.com\/deutsch\/wp-content\/uploads\/sites\/5\/2015\/01\/Woman-Shower-1.jpg 266w\" sizes=\"auto, (max-width: 280px) 100vw, 280px\" \/><\/a><p id=\"caption-attachment-90\" class=\"wp-caption-text\">freedigitalphotos.net\/marin<\/p><\/div>\n<p>Ich war eigentlich nie besonders interessiert in Duschk\u00f6pfe. Wie viele andere Menschen habe ich einfach den Standard-Duschkopf verwendet, der im Badezimmer meiner Mietwohnung vorhanden war. Ich war nie besonders gl\u00fccklich damit, aber ich habe damals noch nicht realisiert, mit wie wenig Aufwand ich mein morgendliches Duscherlebnis erheblich verbessern k\u00f6nnte. Bis ich unl\u00e4ngst auf den Aroma Wellness-Duschkopf PROFESSIONAL gesto\u00dfen bin \u2013 GUTEN MORGEN, WELT!<\/p>\n<p>Ein \u00a0Aroma Wellness-Duschkopf? Vielleicht sind Sie wie ich und fragen sich gerade, \u201eWas macht einen Duschkopf so viel toller und luxeri\u00f6ser im Vergleich zu einer herk\u00f6mmlichen Handbrause?\u201d Ich werde Ihnen gleich erz\u00e4hlen was dahinter steckt. Eines ist absolut sicher, wenn Sie Zitronenduft lieben, w\u00e4hrend Sie unter einem Duschstrahl stehen, der wie ein sanfter Wasserfall auf Sie niederregnet und Sie in wenigen Sekunden vollst\u00e4ndig entspannt, dann brauchen auch Sie den <a title=\"Wellness Dusche\" href=\"https:\/\/douchesensation.com\/deutsch\/online-shop-douche-sensation-aroma-dusche-gel-filter\/\">Aroma Wellnessduschkopf<\/a> dringend.<\/p>\n<p>Der Aroma Wellness\u00a0Duschkopf Professional vermischt das Duschwasser n\u00e4mlich mit herrlichen nat\u00fcrlichen Aromaessenzen sowie wertvollem Vitamin C. In dem Moment, wo Sie das Wasser aufdrehen, f\u00fcllt sich Ihr Badezimmer mit einem wunderbaren und einladenden Zitrusgeruch. Gleichzeitig beseitigt das im Gel-Filter enthaltende Vitamin C Chlor und andere Verunreinigungen im Leitungswasser zu ganzen 98%.<\/p>\n<p>Ich wei\u00df ehrlich gesagt nicht mehr, warum ich nicht schon vorher auf die Idee gekommen bin, dass ich mein Duschwasser h\u00e4tte filtern k\u00f6nnen. Schlie\u00dflich ist die Haut das gr\u00f6sste Organ und an dieses, sollten wir ja nur absolut reines Wasser lassen, oder?<\/p>\n<p>Sie werden sehen, bereits in dem Moment, wo Sie Ihre Dusche betreten, werden Sie sich wie im Regenwald unter einem herrlichen Wasserfall f\u00fchlen. Der Duschkopf weist eine erstaunliche Vielfalt an Technologie auf. Die einzigartigen Dreiecksl\u00f6cher in der rostfreien Duschplatte sparen einiges an Wasser und sorgen gleichzeitig f\u00fcr einen h\u00f6heren Wasserdruck. Dies kombiniert mit dem herrlich duftenden Aroma, macht Ihre Dusche zu einem Ort der puren Freude und Entspannung. Dazu muss ich mit einem Augenzwinkern bemerken, dass ein gewisser Suchtfaktor nicht ausgeschlossen ist!<\/p>\n<p>Der Aroma Wellness-Duschkopf Professional ist sein Investment mehr als wert. Ich auf jeden Fall w\u00fcrde nie mehr zu meiner alten Standard-Handbrause wechseln wollen.<\/p>\n<p>Das absolute geniale an der Sache ist, dass das Investment einmalig ist. Die einzigen Eink\u00e4ufe die bleiben, sind der Erwerb von weiteren Gel-Filtern alle zwei Monate, nach Bedarf auch Ersatz Micro-Vlies-Filter gegen Rostpartikel und m\u00f6glicherweise auch einmal ein kleines Ersatzteil (z.B. eine Gummidichtung) nach Jahren des Gebrauches.<\/p>\n<p>Also ich bin sicher, Sie werden Ihren Einkauf auch nicht bereuen, wenn Sie sich einen Aroma Wellness-Duschkopf\u00a0Professional\u00a0erwerben.<\/p>\n<p>Ein privates SPA t\u00e4glich zu Hause im eigenen Bad ist halt schon eine feine Sache!<\/p>\n<p>Verw\u00f6hnen Sie sich selbst oder \u00fcberraschen Sie jemanden den Sie lieben mit einem Aroma Wellness-Duschkopf (Mein Mann zum Beispiel ist unglaublich gl\u00fccklich damit.)<\/p>\n","protected":false},"excerpt":{"rendered":"<p>Neue Dusch-Welten tun sich auf! Die Aroma Wellness Dusche Professional\u00a0im Praxis-Test. &nbsp; Ich war eigentlich nie besonders interessiert in Duschk\u00f6pfe. Wie viele andere Menschen habe ich einfach den Standard-Duschkopf verwendet, der im Badezimmer meiner Mietwohnung vorhanden war. Ich war nie besonders gl\u00fccklich damit, aber ich habe damals noch nicht realisiert, mit wie wenig Aufwand ich [&hellip;]<\/p>\n","protected":false},"author":1,"featured_media":0,"parent":1647,"menu_order":0,"comment_status":"open","ping_status":"open","template":"","meta":{"footnotes":""},"class_list":["post-111","page","type-page","status-publish","czr-hentry"],"_links":{"self":[{"href":"https:\/\/douchesensation.com\/deutsch\/wp-json\/wp\/v2\/pages\/111","targetHints":{"allow":["GET"]}}],"collection":[{"href":"https:\/\/douchesensation.com\/deutsch\/wp-json\/wp\/v2\/pages"}],"about":[{"href":"https:\/\/douchesensation.com\/deutsch\/wp-json\/wp\/v2\/types\/page"}],"author":[{"embeddable":true,"href":"https:\/\/douchesensation.com\/deutsch\/wp-json\/wp\/v2\/users\/1"}],"replies":[{"embeddable":true,"href":"https:\/\/douchesensation.com\/deutsch\/wp-json\/wp\/v2\/comments?post=111"}],"version-history":[{"count":0,"href":"https:\/\/douchesensation.com\/deutsch\/wp-json\/wp\/v2\/pages\/111\/revisions"}],"up":[{"embeddable":true,"href":"https:\/\/douchesensation.com\/deutsch\/wp-json\/wp\/v2\/pages\/1647"}],"wp:attachment":[{"href":"https:\/\/douchesensation.com\/deutsch\/wp-json\/wp\/v2\/media?parent=111"}],"curies":[{"name":"wp","href":"https:\/\/api.w.org\/{rel}","templated":true}]}}