{"id":102,"date":"2015-01-15T16:34:10","date_gmt":"2015-01-15T15:34:10","guid":{"rendered":"https:\/\/douchesensation.com\/deutsch\/?page_id=102"},"modified":"2019-11-12T10:53:38","modified_gmt":"2019-11-12T09:53:38","slug":"aroma","status":"publish","type":"page","link":"https:\/\/douchesensation.com\/deutsch\/wasser\/aroma\/","title":{"rendered":"Aroma"},"content":{"rendered":"<h2><strong>Aromatherapie-Effekt f\u00fcr Ihr emotionales Wohlbefinden<\/strong><\/h2>\n<h2><strong>\u00a0<\/strong><\/h2>\n<h3><strong>Hintergr\u00fcnde zur Aromatherapie<\/strong><\/h3>\n<p><a href=\"https:\/\/douchesensation.com\/deutsch\/wp-content\/uploads\/sites\/5\/2015\/01\/Aromatherapie.jpg\"><img loading=\"lazy\" decoding=\"async\" class=\"alignleft wp-image-1423\" src=\"https:\/\/douchesensation.com\/deutsch\/wp-content\/uploads\/sites\/5\/2015\/01\/Aromatherapie-1024x576.jpg\" alt=\"Aroma\" width=\"550\" height=\"309\" srcset=\"https:\/\/douchesensation.com\/deutsch\/wp-content\/uploads\/sites\/5\/2015\/01\/Aromatherapie-1024x576.jpg 1024w, https:\/\/douchesensation.com\/deutsch\/wp-content\/uploads\/sites\/5\/2015\/01\/Aromatherapie-300x169.jpg 300w, https:\/\/douchesensation.com\/deutsch\/wp-content\/uploads\/sites\/5\/2015\/01\/Aromatherapie-768x432.jpg 768w, https:\/\/douchesensation.com\/deutsch\/wp-content\/uploads\/sites\/5\/2015\/01\/Aromatherapie.jpg 1366w\" sizes=\"auto, (max-width: 550px) 100vw, 550px\" \/><\/a><\/p>\n<p>Bereits alte Hochkulturen, wie beispielsweise im alten Mesopotamien und \u00c4gypten haben sich erfolgreich dem Einsatz von Aroma-Essenzen bedient.<\/p>\n<p>Und die alten Griechen wussten schon, dass das beste Rezept f\u00fcr das Wohlbefinden darin besteht, Aromen in K\u00f6rperbehandlungen zu integrieren. Die r\u00f6mische Kultur liebte es in\u00a0duftenden \u00d6lessenzen zu baden. Selbst Kaiser Nero hat sich ein ausgekl\u00fcgeltes R\u00f6hrensystem geg\u00f6nnt, welches seinen Palast unterirdisch durchzog und so f\u00fcr ein wunderbares Raumklima in den Gem\u00e4uern sorgte.<\/p>\n<p>1928\u00a0besch\u00e4ftigte sich der franz\u00f6sischen Chemiker Ren\u00e9-Maurice Gattefoss\u00e9 mit Duftessenzen und pr\u00e4gte erstmals den eigentlichen Begriff <strong>Aromatherapie. <\/strong>\u00a0In zahlreichen Selbstexperimenten erforschte er die Heilwirkung von Duftstoffen am eigenen Leib. Ganz besonders hatte Gattefoss\u00e9 sich mit den antibakteriellen Wirkungen bestimmter \u00e4therischer\u00a0Essenzen befasst.<\/p>\n<p>In den 1950er Jahren wurden Gattefoss\u00e9s Arbeiten von der franz\u00f6sischen Kosmetiklehrerin Marguerite Maury aufgegriffen und weiter verfeinert.<\/p>\n<p>Ende der 1970er Jahre, im Zuge des neuaufkeimenden Interesses am Thema Aromatherapie, wurden die Schriften Gattefoss\u00e9s und Maurys\u00a0&#8222;wiederentdeckt&#8220;.<\/p>\n<p>Der englische Heilpraktiker Robert Tisserand begr\u00fcndete basierend darauf die Grundlagen der heutigen Aromatherapie, bekannt auch als Osmotherapie (osm\u00e9: griech.= Duft).<\/p>\n<p>Der\u00a01985\u00a0erschienene \u00a0Bestseller-Roman &#8222;Das Parfum&#8220; von Patrick S\u00fcskind popularisierte das Thema D\u00fcfte vollends.<\/p>\n<p><strong>\u00a0<\/strong><\/p>\n<p>&nbsp;<\/p>\n<p>&nbsp;<\/p>\n<h3><strong><a href=\"https:\/\/douchesensation.com\/deutsch\/wp-content\/uploads\/sites\/5\/2015\/01\/Aromatherapie-Hirn.jpg\"><img loading=\"lazy\" decoding=\"async\" class=\"alignright wp-image-1427\" src=\"https:\/\/douchesensation.com\/deutsch\/wp-content\/uploads\/sites\/5\/2015\/01\/Aromatherapie-Hirn-1024x576.jpg\" alt=\"Aromatherapie\" width=\"550\" height=\"309\" srcset=\"https:\/\/douchesensation.com\/deutsch\/wp-content\/uploads\/sites\/5\/2015\/01\/Aromatherapie-Hirn-1024x576.jpg 1024w, https:\/\/douchesensation.com\/deutsch\/wp-content\/uploads\/sites\/5\/2015\/01\/Aromatherapie-Hirn-300x169.jpg 300w, https:\/\/douchesensation.com\/deutsch\/wp-content\/uploads\/sites\/5\/2015\/01\/Aromatherapie-Hirn-768x432.jpg 768w, https:\/\/douchesensation.com\/deutsch\/wp-content\/uploads\/sites\/5\/2015\/01\/Aromatherapie-Hirn.jpg 1366w\" sizes=\"auto, (max-width: 550px) 100vw, 550px\" \/><\/a>Was sind \u00e4therische Aromen \u00fcberhaupt?<\/strong><\/h3>\n<p>\u00c4therische \u00d6le sind schnell verdunstende Fl\u00fcssigkeiten, deren Molek\u00fcle wir schnell einatmen. Das Einatmen dieser kleinsten Duftteilchen l\u00f6sen in unserem Gehirn Emotionen aus, genauso wie sie auch physischen Einfluss auf unseren K\u00f6rper nehmen k\u00f6nnen. Die wohltuenden D\u00fcfte der \u00e4therischen \u00d6le haben je nach dem eine harmonisierende, anregende und beruhigende Wirkung auf uns, und sie nehmen Einfluss auf unsere Stimmung. Sie verhelfen zu einem positiven k\u00f6rperlichen und seelischen Wohlbefinden und k\u00f6nnen verschiedensten Beschwerden auf eine besonders sanfte Weise lindern helfen.<\/p>\n<p><strong>\u00a0<\/strong><\/p>\n<p>&nbsp;<\/p>\n<p>&nbsp;<\/p>\n<div id=\"attachment_1213\" style=\"width: 310px\" class=\"wp-caption alignleft\"><a href=\"https:\/\/douchesensation.com\/deutsch\/wp-content\/uploads\/sites\/5\/2015\/04\/Aroma-Gel-Filter-Lemon-Zitrone.jpg\"><img loading=\"lazy\" decoding=\"async\" aria-describedby=\"caption-attachment-1213\" class=\"wp-image-1213 size-medium\" src=\"https:\/\/douchesensation.com\/deutsch\/wp-content\/uploads\/sites\/5\/2015\/04\/Aroma-Gel-Filter-Lemon-Zitrone-300x300.jpg\" alt=\"Aroma Gel Filter Oriental Sunrise\" width=\"300\" height=\"300\" srcset=\"https:\/\/douchesensation.com\/deutsch\/wp-content\/uploads\/sites\/5\/2015\/04\/Aroma-Gel-Filter-Lemon-Zitrone-300x300.jpg 300w, https:\/\/douchesensation.com\/deutsch\/wp-content\/uploads\/sites\/5\/2015\/04\/Aroma-Gel-Filter-Lemon-Zitrone-150x150.jpg 150w, https:\/\/douchesensation.com\/deutsch\/wp-content\/uploads\/sites\/5\/2015\/04\/Aroma-Gel-Filter-Lemon-Zitrone-180x180.jpg 180w, https:\/\/douchesensation.com\/deutsch\/wp-content\/uploads\/sites\/5\/2015\/04\/Aroma-Gel-Filter-Lemon-Zitrone.jpg 500w\" sizes=\"auto, (max-width: 300px) 100vw, 300px\" \/><\/a><p id=\"caption-attachment-1213\" class=\"wp-caption-text\">Aroma Gel Filter <a href=\"https:\/\/douchesensation.com\/deutsch\/produkt\/online-shop-aroma-gel-filter-oriental-sunrise-zitrone\/\">Oriental Sunrise<\/a> (Zitrone) mit Vitamin C<\/p><\/div>\n<h3><strong>Absoluter Duftgenuss mit Aroma Gel-Filter <\/strong><\/h3>\n<p>Die <a title=\"Aroma Filter\" href=\"https:\/\/douchesensation.com\/deutsch\/online-shop-douche-sensation-aroma-dusche-gel-filter\/\">Gel-Filter f\u00fcr die\u00a0Aroma Wellness\u00a0Duschbrausen<\/a> wurden in jahrelanger Forschung im Bereich der Dermatologie entwickelt und beinhalten nat\u00fcrliche, aufeinander abgestimmte Substanzen und hautpflegende Inhaltsstoffe wie Vitamin C\u00a0(Askorbins\u00e4ure), destilliertes Wasser, nat\u00fcrliches Aroma\u00f6l, Dextrin, Pectin\u00a0und\u00a0Gummi Arabicum (Akazien Gummi). Beim Duschen entstr\u00f6mt dem Gelfilter ein zarter Zitronen-Duft, der alle unangenehme Ger\u00fcche neutralisiert. Bakterien sowie andere Verschmutzungen haben keine Chance.<\/p>\n<p>&nbsp;<\/p>\n<p>&nbsp;<\/p>\n<p>&nbsp;<\/p>\n<p>&nbsp;<\/p>\n<p>&nbsp;<\/p>\n<p style=\"text-align: left;\"><img loading=\"lazy\" decoding=\"async\" class=\"alignright  wp-image-2054\" src=\"https:\/\/douchesensation.com\/deutsch\/wp-content\/uploads\/sites\/5\/2015\/05\/Aroma-Dusche-Professional-500x500_1.jpg\" alt=\"\" width=\"256\" height=\"256\" srcset=\"https:\/\/douchesensation.com\/deutsch\/wp-content\/uploads\/sites\/5\/2015\/05\/Aroma-Dusche-Professional-500x500_1.jpg 500w, https:\/\/douchesensation.com\/deutsch\/wp-content\/uploads\/sites\/5\/2015\/05\/Aroma-Dusche-Professional-500x500_1-150x150.jpg 150w, https:\/\/douchesensation.com\/deutsch\/wp-content\/uploads\/sites\/5\/2015\/05\/Aroma-Dusche-Professional-500x500_1-300x300.jpg 300w, https:\/\/douchesensation.com\/deutsch\/wp-content\/uploads\/sites\/5\/2015\/05\/Aroma-Dusche-Professional-500x500_1-100x100.jpg 100w\" sizes=\"auto, (max-width: 256px) 100vw, 256px\" \/>Dies macht den Duschkopf auch zum idealen Reisepartner in fremde L\u00e4nder, wo die Wasserqualit\u00e4t nicht immer ganz dem Niveau des eigenen Landes entspricht (z.B. Afrika, Indien u.\u00e4.). Der Aromatherapie-Effekt dieser Wellness Dusche schenkt zus\u00e4tzlich ein Gef\u00fchl des Wohlbefindens und der Entspannung.<\/p>\n<p><strong>Einfach herrlich<\/strong><strong>.<\/strong> <a title=\"Der pure AROMA-Genuss\" href=\"https:\/\/douchesensation.com\/deutsch\/produkte\/aroma-gel\/\"><strong>Der pure Aroma-Genuss eben.<\/strong><\/a><\/p>\n<p>&nbsp;<\/p>\n<p>&nbsp;<\/p>\n","protected":false},"excerpt":{"rendered":"<p>Aromatherapie-Effekt f\u00fcr Ihr emotionales Wohlbefinden \u00a0 Hintergr\u00fcnde zur Aromatherapie Bereits alte Hochkulturen, wie beispielsweise im alten Mesopotamien und \u00c4gypten haben sich erfolgreich dem Einsatz von Aroma-Essenzen bedient. Und die alten Griechen wussten schon, dass das beste Rezept f\u00fcr das Wohlbefinden darin besteht, Aromen in K\u00f6rperbehandlungen zu integrieren. Die r\u00f6mische Kultur liebte es in\u00a0duftenden \u00d6lessenzen zu [&hellip;]<\/p>\n","protected":false},"author":1,"featured_media":0,"parent":1647,"menu_order":0,"comment_status":"closed","ping_status":"closed","template":"","meta":{"footnotes":""},"class_list":["post-102","page","type-page","status-publish","czr-hentry"],"_links":{"self":[{"href":"https:\/\/douchesensation.com\/deutsch\/wp-json\/wp\/v2\/pages\/102","targetHints":{"allow":["GET"]}}],"collection":[{"href":"https:\/\/douchesensation.com\/deutsch\/wp-json\/wp\/v2\/pages"}],"about":[{"href":"https:\/\/douchesensation.com\/deutsch\/wp-json\/wp\/v2\/types\/page"}],"author":[{"embeddable":true,"href":"https:\/\/douchesensation.com\/deutsch\/wp-json\/wp\/v2\/users\/1"}],"replies":[{"embeddable":true,"href":"https:\/\/douchesensation.com\/deutsch\/wp-json\/wp\/v2\/comments?post=102"}],"version-history":[{"count":0,"href":"https:\/\/douchesensation.com\/deutsch\/wp-json\/wp\/v2\/pages\/102\/revisions"}],"up":[{"embeddable":true,"href":"https:\/\/douchesensation.com\/deutsch\/wp-json\/wp\/v2\/pages\/1647"}],"wp:attachment":[{"href":"https:\/\/douchesensation.com\/deutsch\/wp-json\/wp\/v2\/media?parent=102"}],"curies":[{"name":"wp","href":"https:\/\/api.w.org\/{rel}","templated":true}]}}