{"id":67,"date":"2025-05-08T16:03:36","date_gmt":"2025-05-08T16:03:36","guid":{"rendered":"https:\/\/douchesensation.com\/de\/?post_type=product&#038;p=67"},"modified":"2026-05-01T13:25:58","modified_gmt":"2026-05-01T13:25:58","slug":"essential-vitamin-c-filter-ohne-duft-3-stueck","status":"publish","type":"product","link":"https:\/\/douchesensation.com\/de\/product\/essential-vitamin-c-filter-ohne-duft-3-stueck\/","title":{"rendered":"<b>Essential<\/b> Vitamin C Filter (ohne Duft), 3 St\u00fcck"},"content":{"rendered":"<p>&nbsp;<\/p>\n<h1 style=\"text-align: center;\" data-start=\"329\" data-end=\"532\">Essential<\/h1>\n<h4 style=\"text-align: center;\" data-start=\"329\" data-end=\"532\">Reines Vitamin C Filter<\/h4>\n<h5 style=\"text-align: center;\" data-start=\"329\" data-end=\"532\"><em>(Ohne Duft)<\/em><\/h5>\n<h5><\/h5>\n<p><!--more--><\/p>\n<hr \/>\n<h5><\/h5>\n<p><!--more--><\/p>\n<h4 style=\"text-align: left;\">Merkmale<\/h4>\n<p><!--more--><\/p>\n<p>Sie suchen eine duftfreie Pflege mit voller Wirkung? Dann ist Essential genau richtig. Dieses Aroma Gel Filter verzichtet vollst\u00e4ndig auf Duftstoffe und konzentriert sich auf das Wesentliche: hochdosiertes Vitamin C, gewonnen aus der Kraft von 3.000 Zitronen.<\/p>\n<p>Das Ergebnis: geschmeidige Haut, gepflegtes Haar und deutlich weicheres Duschwasser \u2013 ganz ohne Reizstoffe oder Parf\u00fcm.<\/p>\n<p>&nbsp;<\/p>\n<h3 data-start=\"1662\" data-end=\"1720\"><\/h3>\n<h4 data-start=\"1662\" data-end=\"1720\">Wirkung von reinem Vitamin C<\/h4>\n<ul>\n<li data-start=\"2052\" data-end=\"2125\">Verbessert die Elastizit\u00e4t &amp; Spannkraft der Haut<\/li>\n<li data-start=\"2052\" data-end=\"2125\">St\u00e4rkt das Haar, reduziert Haarausfall &amp; Schuppen<\/li>\n<li data-start=\"2052\" data-end=\"2125\">Neutralisiert bis zu 98\u202f% Chlor im Leitungswasser<\/li>\n<li data-start=\"2052\" data-end=\"2125\">Optimal bei Neurodermitis, Allergien oder Duftempfindlichkeit<\/li>\n<li data-start=\"2052\" data-end=\"2125\">Keine Duftstoffe \u2013 nur pure Wirkung<\/li>\n<\/ul>\n<h3 data-start=\"1982\" data-end=\"2018\"><\/h3>\n<h3 data-start=\"1982\" data-end=\"2018\"><\/h3>\n<h4 data-start=\"1982\" data-end=\"2018\">Nat\u00fcrliche Inhaltsstoffe<\/h4>\n<ul>\n<li data-start=\"2172\" data-end=\"2199\">Vitamin C (Ascorbins\u00e4ure)<\/li>\n<li data-start=\"2202\" data-end=\"2232\">Nat\u00fcrliches Lavendel-Aroma\u00f6l<\/li>\n<li data-start=\"2235\" data-end=\"2257\">Destilliertes Wasser<\/li>\n<li data-start=\"2260\" data-end=\"2306\">Dextrin, Pektin, Gummi Arabicum (Akaziengummi)<\/li>\n<\/ul>\n<h3 data-start=\"2156\" data-end=\"2187\"><\/h3>\n<h3 data-start=\"2313\" data-end=\"2347\"><\/h3>\n<h4 data-start=\"2313\" data-end=\"2347\">Anwendung &amp; Haltbarkeit<\/h4>\n<ul data-start=\"2349\" data-end=\"2523\">\n<li class=\"\" data-start=\"2349\" data-end=\"2406\">\n<p class=\"\" data-start=\"2351\" data-end=\"2406\">Reicht f\u00fcr ca. 6.000\u202fLiter Wasser (etwa 2 Monate) pro Kartusche<\/p>\n<\/li>\n<li class=\"\" data-start=\"2407\" data-end=\"2469\">\n<p class=\"\" data-start=\"2409\" data-end=\"2469\">Ohne Verfallsdatum, bitte k\u00fchl &amp; lichtgesch\u00fctzt lagern<\/p>\n<\/li>\n<li class=\"\" data-start=\"2470\" data-end=\"2523\">\n<p class=\"\" data-start=\"2472\" data-end=\"2523\">Nach Gebrauch enth\u00e4lt die Kartusche nur noch Wasser<\/p>\n<\/li>\n<\/ul>\n<h3 data-start=\"2392\" data-end=\"2433\"><\/h3>\n<h3 data-start=\"2392\" data-end=\"2433\"><\/h3>\n<h4 data-start=\"2392\" data-end=\"2433\">Tipp<\/h4>\n<p data-start=\"2392\" data-end=\"2433\">Verwenden Sie zus\u00e4tzlich ein Microvliesfilter-Set (PROFESSIONAL oder COMFORT) passend zu Ihrem Duschkopfmodell \u2013 f\u00fcr maximale Wasserreinigung und Schutz.<\/p>\n<h3 data-start=\"2570\" data-end=\"2649\"><\/h3>\n<h3 data-start=\"2711\" data-end=\"2787\"><\/h3>\n<h3 style=\"text-align: center;\" data-start=\"2711\" data-end=\"2787\">Pure Pflege \u2013 ohne Duft. F\u00fcr sensible Haut &amp; klare Wirkung<\/h3>\n<p class=\"\" style=\"text-align: center;\" data-start=\"2788\" data-end=\"2884\">G\u00f6nnen Sie sich eine sanfte Dusche mit sichtbarem Effekt \u2013 ganz nat\u00fcrlich.<\/p>\n<p data-start=\"2788\" data-end=\"2884\"><!--more--><\/p>\n","protected":false},"excerpt":{"rendered":"<h1 style=\"text-align: center;\" data-start=\"329\" data-end=\"532\"><span style=\"color: #c49b27;\">PURES VITAMIN C<\/span><\/h1>\n<h1 style=\"text-align: center;\" data-start=\"329\" data-end=\"532\"><span style=\"color: #c49b27;\">OHNE DUFT<\/span><\/h1>\n<h1 style=\"text-align: center;\" data-start=\"329\" data-end=\"532\"><span style=\"color: #c49b27;\">100% PFLEGE<\/span><\/h1>\n<p data-start=\"329\" data-end=\"532\"><!--more--><\/p>\n<p class=\"\" data-start=\"329\" data-end=\"532\">Ohne Duft \u2013 aber mit voller Pflegewirkung. Dieses Filter enth\u00e4lt ausschlie\u00dflich reines Vitamin C f\u00fcr gesunde Haut und kr\u00e4ftiges Haar. Ideal f\u00fcr sensible Haut oder Duftallergiker.<\/p>\n<p data-start=\"329\" data-end=\"532\"><!--more--><\/p>\n<ul data-start=\"534\" data-end=\"785\">\n<li class=\"\" data-start=\"534\" data-end=\"592\">\n<p class=\"\" data-start=\"536\" data-end=\"592\"><strong data-start=\"539\" data-end=\"557\">Ohne Duft:<\/strong>\u00a0 nur pures Vitamin C<\/p>\n<\/li>\n<li class=\"\" data-start=\"593\" data-end=\"652\">\n<p class=\"\" data-start=\"595\" data-end=\"652\"><strong data-start=\"598\" data-end=\"613\">Vitamin C:<\/strong> Pflegt und sch\u00fctzt die Haut und st\u00e4rkt das Haar<\/p>\n<\/li>\n<li class=\"\" data-start=\"593\" data-end=\"652\">\n<p class=\"\" data-start=\"595\" data-end=\"652\"><strong>Neutralisiert<\/strong> bis zu 98\u202f% des Chlors aus dem Leitungswasser und reduziert Kalkablagerungen<\/p>\n<\/li>\n<li data-start=\"593\" data-end=\"652\"><strong>Nat\u00fcrlich &amp; biologisch<\/strong> abbaubar<\/li>\n<li class=\"\" data-start=\"746\" data-end=\"785\">\n<p class=\"\" data-start=\"748\" data-end=\"785\">Reicht f\u00fcr ca. 6.000\u202fLiter \/ ca. 2 Monate pro Kartusche<\/p>\n<\/li>\n<\/ul>\n<p>&nbsp;<\/p>\n","protected":false},"featured_media":129,"comment_status":"closed","ping_status":"closed","template":"","meta":{"_et_pb_use_builder":"","_et_pb_old_content":"","_et_gb_content_width":""},"product_brand":[],"product_cat":[18,20,22,23,24],"product_tag":[25,114,115,116,117,30,32,35,36,37,192,39,191],"class_list":{"0":"post-67","1":"product","2":"type-product","3":"status-publish","4":"has-post-thumbnail","6":"product_cat-aroma","7":"product_cat-aroma-de","8":"product_cat-comfort","9":"product_cat-prestige","10":"product_cat-professional","11":"product_tag-aroma-gel-filter","12":"product_tag-aroma-gel-filter-mit-vitamin-c","13":"product_tag-aroma-gel-filter-neutral","14":"product_tag-aroma-gel-mit-vitamin-c","15":"product_tag-aroma-gel-neutral","16":"product_tag-aroma-gelfilter","17":"product_tag-aroma-nachfuellfilter","18":"product_tag-aromagelfilter","19":"product_tag-nachfuell-gel-filter","20":"product_tag-nachfuellfilter-aroma","21":"product_tag-neutraler-filter-mit-vitamin-c","22":"product_tag-refill-gel-filter","23":"product_tag-vitamin-c-filter","25":"first","26":"instock","27":"taxable","28":"shipping-taxable","29":"purchasable","30":"product-type-simple"},"_links":{"self":[{"href":"https:\/\/douchesensation.com\/de\/wp-json\/wp\/v2\/product\/67","targetHints":{"allow":["GET"]}}],"collection":[{"href":"https:\/\/douchesensation.com\/de\/wp-json\/wp\/v2\/product"}],"about":[{"href":"https:\/\/douchesensation.com\/de\/wp-json\/wp\/v2\/types\/product"}],"replies":[{"embeddable":true,"href":"https:\/\/douchesensation.com\/de\/wp-json\/wp\/v2\/comments?post=67"}],"wp:featuredmedia":[{"embeddable":true,"href":"https:\/\/douchesensation.com\/de\/wp-json\/wp\/v2\/media\/129"}],"wp:attachment":[{"href":"https:\/\/douchesensation.com\/de\/wp-json\/wp\/v2\/media?parent=67"}],"wp:term":[{"taxonomy":"product_brand","embeddable":true,"href":"https:\/\/douchesensation.com\/de\/wp-json\/wp\/v2\/product_brand?post=67"},{"taxonomy":"product_cat","embeddable":true,"href":"https:\/\/douchesensation.com\/de\/wp-json\/wp\/v2\/product_cat?post=67"},{"taxonomy":"product_tag","embeddable":true,"href":"https:\/\/douchesensation.com\/de\/wp-json\/wp\/v2\/product_tag?post=67"}],"curies":[{"name":"wp","href":"https:\/\/api.w.org\/{rel}","templated":true}]}}