{"id":66,"date":"2025-05-08T16:03:36","date_gmt":"2025-05-08T16:03:36","guid":{"rendered":"https:\/\/douchesensation.com\/de\/?post_type=product&#038;p=66"},"modified":"2026-02-15T11:27:26","modified_gmt":"2026-02-15T11:27:26","slug":"focus-aroma-gel-filter-italian-dream-pinie-3-stueck","status":"publish","type":"product","link":"https:\/\/douchesensation.com\/de\/product\/focus-aroma-gel-filter-italian-dream-pinie-3-stueck\/","title":{"rendered":"<b>Focus<\/b> Aroma Gel Filter Italian Dream (Pinie), 3 St\u00fcck"},"content":{"rendered":"<p>&nbsp;<\/p>\n<h1 style=\"text-align: center;\" data-start=\"329\" data-end=\"532\">Focus<\/h1>\n<h4 style=\"text-align: center;\" data-start=\"329\" data-end=\"532\">Aroma Gel Filter<\/h4>\n<h4 style=\"text-align: center;\" data-start=\"329\" data-end=\"532\">Italian Dream<\/h4>\n<h5 style=\"text-align: center;\" data-start=\"329\" data-end=\"532\"><em>(Pinie)<\/em><\/h5>\n<h5><\/h5>\n<p><!--more--><\/p>\n<hr \/>\n<h5><\/h5>\n<p><!--more--><\/p>\n<h4 style=\"text-align: left;\">Merkmale<\/h4>\n<p><!--more--><\/p>\n<p>Italian Dream bringt die Frische italienischer Pinienw\u00e4lder direkt in Ihre Dusche. Der klare, holzige Duft auf Basis von \u00e4therischem Pinien\u00f6l wirkt reinigend, konzentrationsf\u00f6rdernd und wohltuend auf die Atemwege. Pinie wird in der Aromatherapie besonders gesch\u00e4tzt f\u00fcr ihre entspannende, erfrischende und kl\u00e4rende Wirkung.<\/p>\n<p>Zus\u00e4tzlich versorgt das enthaltene Vitamin C Ihre Haut und Ihr Haar \u2013 und sorgt f\u00fcr ein reines, gepflegtes Duschgef\u00fchl.<\/p>\n<p>&nbsp;<\/p>\n<h3><\/h3>\n<h4>Was dieser Duft f\u00fcr Sie tut<\/h4>\n<ul data-start=\"1374\" data-end=\"1655\">\n<li class=\"\" data-start=\"1374\" data-end=\"1422\">Beruhigt das Nervensystem<\/li>\n<li class=\"\" data-start=\"1490\" data-end=\"1541\">\n<p class=\"\" data-start=\"1492\" data-end=\"1541\">\u00d6ffnet die Atemwege, erleichtert das Durchatmen<\/p>\n<\/li>\n<li class=\"\" data-start=\"1542\" data-end=\"1603\">\n<p class=\"\" data-start=\"1544\" data-end=\"1603\">Beruhigt den Geist &amp; reduziert Stress<\/p>\n<\/li>\n<li class=\"\" data-start=\"1604\" data-end=\"1654\">\n<p class=\"\" data-start=\"1606\" data-end=\"1654\">Nat\u00fcrliches Pinienaroma \u2013 frisch, belebend &amp; luftreinigend.<\/p>\n<\/li>\n<\/ul>\n<p>&nbsp;<\/p>\n<h3 data-start=\"1662\" data-end=\"1720\"><\/h3>\n<h4 data-start=\"1662\" data-end=\"1720\">Vitamin C: Gut f\u00fcr Ihre Haut und Ihr Haar<\/h4>\n<ul>\n<li>Pflegt die Haut, macht sie weich und geschmeidig<\/li>\n<li data-start=\"1846\" data-end=\"1905\">Verleiht dem Haar Glanz, reduziert Schuppen und Haarbruch<\/li>\n<li data-start=\"1908\" data-end=\"1968\">Neutralisiert bis zu 98\u202f% Chlor aus dem Leitungswasser<\/li>\n<li data-start=\"1971\" data-end=\"2049\">Unterst\u00fctzt bei empfindlicher Haut, Neurodermitis, Psoriasis oder Asthma<\/li>\n<li data-start=\"2052\" data-end=\"2125\">Vermindert Kalkablagerungen \u2013 f\u00fcr weicheres Wasser und weniger R\u00fcckst\u00e4nde<\/li>\n<\/ul>\n<h3 data-start=\"1982\" data-end=\"2018\"><\/h3>\n<h3 data-start=\"1982\" data-end=\"2018\"><\/h3>\n<h4 data-start=\"1982\" data-end=\"2018\">Nat\u00fcrliche Inhaltsstoffe<\/h4>\n<ul>\n<li data-start=\"2172\" data-end=\"2199\">Vitamin C (Ascorbins\u00e4ure)<\/li>\n<li data-start=\"2202\" data-end=\"2232\">Nat\u00fcrliches Lavendel-Aroma\u00f6l<\/li>\n<li data-start=\"2235\" data-end=\"2257\">Destilliertes Wasser<\/li>\n<li data-start=\"2260\" data-end=\"2306\">Dextrin, Pektin, Gummi Arabicum (Akaziengummi)<\/li>\n<\/ul>\n<h3 data-start=\"2156\" data-end=\"2187\"><\/h3>\n<h4 data-start=\"2313\" data-end=\"2347\">Anwendung &amp; Haltbarkeit<\/h4>\n<ul data-start=\"2349\" data-end=\"2523\">\n<li class=\"\" data-start=\"2349\" data-end=\"2406\">\n<p class=\"\" data-start=\"2351\" data-end=\"2406\">Reicht f\u00fcr ca. 6.000\u202fLiter Wasser (etwa 2 Monate) pro Kartusche<\/p>\n<\/li>\n<li class=\"\" data-start=\"2407\" data-end=\"2469\">\n<p class=\"\" data-start=\"2409\" data-end=\"2469\">Ohne Verfallsdatum, bitte k\u00fchl &amp; lichtgesch\u00fctzt lagern<\/p>\n<\/li>\n<li class=\"\" data-start=\"2470\" data-end=\"2523\">\n<p class=\"\" data-start=\"2472\" data-end=\"2523\">Nach Gebrauch enth\u00e4lt die Kartusche nur noch Wasser<\/p>\n<\/li>\n<\/ul>\n<h3 data-start=\"2392\" data-end=\"2433\"><\/h3>\n<h4 data-start=\"2392\" data-end=\"2433\">Tipp<\/h4>\n<p data-start=\"2392\" data-end=\"2433\">Verwenden Sie zus\u00e4tzlich ein Microvliesfilter-Set (PROFESSIONAL oder COMFORT) passend zu Ihrem Duschkopfmodell \u2013 f\u00fcr maximale Wasserreinigung und Schutz.<\/p>\n<h3 data-start=\"2570\" data-end=\"2649\"><\/h3>\n<h3 style=\"text-align: center;\" data-start=\"2711\" data-end=\"2787\"><strong>F\u00fcr neue Klarheit, Fokus und belebende Frische \u2013 mit jedem Duschgang<\/strong><\/h3>\n<p class=\"\" style=\"text-align: center;\" data-start=\"2788\" data-end=\"2884\">G\u00f6nnen Sie sich t\u00e4glich ein Spa-Erlebnis mit wohltuendem Pinienduft und sanfter Pflege.<\/p>\n<p data-start=\"2650\" data-end=\"2744\"><!--more--><\/p>\n","protected":false},"excerpt":{"rendered":"<h1 style=\"text-align: center;\" data-start=\"329\" data-end=\"532\"><span style=\"color: #c49b27;\">FOKUS<\/span><\/h1>\n<h1 style=\"text-align: center;\" data-start=\"329\" data-end=\"532\"><span style=\"color: #c49b27;\">RUHE<\/span><\/h1>\n<h1 style=\"text-align: center;\" data-start=\"329\" data-end=\"532\"><span style=\"color: #c49b27;\">&amp; FREIE ATMUNG<\/span><\/h1>\n<p><!--more--><\/p>\n<p class=\"\" data-start=\"329\" data-end=\"532\">Atmen Sie tief durch und bringen Sie Ihren Geist zur Ruhe. Italian Dream mit frischem Pinienaroma f\u00f6rdert die Konzentration, belebt den Geist und reduziert Stress. Mit Vitamin C f\u00fcr Haut- und Haarpflege.<\/p>\n<p data-start=\"329\" data-end=\"532\"><!--more--><\/p>\n<ul data-start=\"534\" data-end=\"785\">\n<li class=\"\" data-start=\"534\" data-end=\"592\">\n<p class=\"\" data-start=\"536\" data-end=\"592\"><strong data-start=\"539\" data-end=\"557\">Aromatherapie:<\/strong> kl\u00e4rt, beruhigt &amp; f\u00f6rdert Fokus<\/p>\n<\/li>\n<li class=\"\" data-start=\"593\" data-end=\"652\">\n<p class=\"\" data-start=\"595\" data-end=\"652\"><strong data-start=\"598\" data-end=\"613\">Vitamin C:<\/strong> Pflegt und sch\u00fctzt die Haut und st\u00e4rkt das Haar<\/p>\n<\/li>\n<li class=\"\" data-start=\"593\" data-end=\"652\">\n<p class=\"\" data-start=\"595\" data-end=\"652\"><strong>Neutralisiert<\/strong> bis zu 98\u202f% des Chlors aus dem Leitungswasser und reduziert Kalkablagerungen<\/p>\n<\/li>\n<li data-start=\"593\" data-end=\"652\"><strong>Nat\u00fcrlich &amp; Biologisch<\/strong> abbaubar<\/li>\n<li class=\"\" data-start=\"746\" data-end=\"785\">\n<p class=\"\" data-start=\"748\" data-end=\"785\">Reicht f\u00fcr ca. 6.000\u202fLiter \/ ca. 2 Monate pro Kartusche<\/p>\n<\/li>\n<\/ul>\n<p>&nbsp;<\/p>\n","protected":false},"featured_media":134,"comment_status":"open","ping_status":"closed","template":"","meta":{"_et_pb_use_builder":"","_et_pb_old_content":"","_et_gb_content_width":""},"product_brand":[],"product_cat":[18,20,22,23,24],"product_tag":[25,119,30,120,32,35,121,36,37,39],"class_list":{"0":"post-66","1":"product","2":"type-product","3":"status-publish","4":"has-post-thumbnail","6":"product_cat-aroma","7":"product_cat-aroma-de","8":"product_cat-comfort","9":"product_cat-prestige","10":"product_cat-professional","11":"product_tag-aroma-gel-filter","12":"product_tag-aroma-gel-filter-pinie","13":"product_tag-aroma-gelfilter","14":"product_tag-aroma-gelfilter-pinie","15":"product_tag-aroma-nachfuellfilter","16":"product_tag-aromagelfilter","17":"product_tag-italian-power","18":"product_tag-nachfuell-gel-filter","19":"product_tag-nachfuellfilter-aroma","20":"product_tag-refill-gel-filter","22":"first","23":"instock","24":"taxable","25":"shipping-taxable","26":"purchasable","27":"product-type-simple"},"_links":{"self":[{"href":"https:\/\/douchesensation.com\/de\/wp-json\/wp\/v2\/product\/66","targetHints":{"allow":["GET"]}}],"collection":[{"href":"https:\/\/douchesensation.com\/de\/wp-json\/wp\/v2\/product"}],"about":[{"href":"https:\/\/douchesensation.com\/de\/wp-json\/wp\/v2\/types\/product"}],"replies":[{"embeddable":true,"href":"https:\/\/douchesensation.com\/de\/wp-json\/wp\/v2\/comments?post=66"}],"wp:featuredmedia":[{"embeddable":true,"href":"https:\/\/douchesensation.com\/de\/wp-json\/wp\/v2\/media\/134"}],"wp:attachment":[{"href":"https:\/\/douchesensation.com\/de\/wp-json\/wp\/v2\/media?parent=66"}],"wp:term":[{"taxonomy":"product_brand","embeddable":true,"href":"https:\/\/douchesensation.com\/de\/wp-json\/wp\/v2\/product_brand?post=66"},{"taxonomy":"product_cat","embeddable":true,"href":"https:\/\/douchesensation.com\/de\/wp-json\/wp\/v2\/product_cat?post=66"},{"taxonomy":"product_tag","embeddable":true,"href":"https:\/\/douchesensation.com\/de\/wp-json\/wp\/v2\/product_tag?post=66"}],"curies":[{"name":"wp","href":"https:\/\/api.w.org\/{rel}","templated":true}]}}