{"id":56,"date":"2025-05-08T16:03:33","date_gmt":"2025-05-08T16:03:33","guid":{"rendered":"https:\/\/douchesensation.com\/de\/?post_type=product&#038;p=56"},"modified":"2025-05-08T16:03:47","modified_gmt":"2025-05-08T16:03:47","slug":"mojito-300gr-handgemachtes-duftendes-zucker-koerperpeeling-mit-shea-butter-vegan-1-stueck","status":"publish","type":"product","link":"https:\/\/douchesensation.com\/de\/product\/mojito-300gr-handgemachtes-duftendes-zucker-koerperpeeling-mit-shea-butter-vegan-1-stueck\/","title":{"rendered":"<b>Mojito 300gr<\/b> Handgemachtes, duftendes  Zucker-K\u00f6rperpeeling mit Shea-Butter, Vegan, 1 St\u00fcck"},"content":{"rendered":"<p>&nbsp;<\/p>\n<h1 style=\"text-align: center;\" data-start=\"329\" data-end=\"532\">Mojito<\/h1>\n<h4 style=\"text-align: center;\" data-start=\"329\" data-end=\"532\">Zuckerpeeling- 300 Gr<\/h4>\n<h5 style=\"text-align: center;\" data-start=\"329\" data-end=\"532\"><em>(Handgemacht &amp; vegan)<\/em><\/h5>\n<h5><\/h5>\n<p><!--more--><\/p>\n<hr \/>\n<h5><\/h5>\n<p><!--more--><\/p>\n<h4 style=\"text-align: left;\">Merkmale<\/h4>\n<p>Genie\u00dfen Sie kubanisches Lebensgef\u00fchl mit dem belebenden Mojito-Duft \u2013 eine spritzige Mischung aus Limette, Minze und Sommerfreude. Das handgemachte Zuckerpeeling mit Sheabutter entfernt sanft abgestorbene Hautzellen, spendet Feuchtigkeit und sorgt f\u00fcr eine sp\u00fcrbar weichere Haut.<\/p>\n<p>Dieses Peeling ist nicht nur Reinigung, sondern ein echtes Aromatherapie-Erlebnis. Der frische Duft hebt die Stimmung, reduziert Stress und macht die Hautpflege zum sinnlichen Ritual.<\/p>\n<p>&nbsp;<\/p>\n<h4>\u00a0Warum ein Zuckerpeeling mit Shea-Butter?<\/h4>\n<ul>\n<li class=\"\" data-start=\"4133\" data-end=\"4175\">\n<p class=\"\" data-start=\"4135\" data-end=\"4175\">Entfernt abgestorbene Hautzellen sanft<\/p>\n<\/li>\n<li class=\"\" data-start=\"4176\" data-end=\"4230\">\n<p class=\"\" data-start=\"4178\" data-end=\"4230\">Regt die Durchblutung an &amp; verfeinert das Hautbild<\/p>\n<\/li>\n<li class=\"\" data-start=\"4231\" data-end=\"4266\">\n<p class=\"\" data-start=\"4233\" data-end=\"4266\">Beugt eingewachsenen Haaren vor<\/p>\n<\/li>\n<li class=\"\" data-start=\"4267\" data-end=\"4320\">\n<p class=\"\" data-start=\"4269\" data-end=\"4320\">Pflegt trockene Hautpartien wie Ellbogen &amp; Fersen<\/p>\n<\/li>\n<li class=\"\" data-start=\"4321\" data-end=\"4377\">\n<p class=\"\" data-start=\"4323\" data-end=\"4377\">Unterst\u00fctzt bei der Aufnahme von Feuchtigkeitspflege<\/p>\n<\/li>\n<li class=\"\" data-start=\"4378\" data-end=\"4422\">\n<p class=\"\" data-start=\"4380\" data-end=\"4422\">Gibt ein samtweiches Gef\u00fchl &amp; Ausstrahlung<\/p>\n<\/li>\n<\/ul>\n<p>Schon die alten \u00c4gypter &amp; Griechen wussten die Wirkung von nat\u00fcrlichen K\u00f6rperpeelings zu sch\u00e4tzen \u2013 heute neu interpretiert, mit tropischem Touch.<\/p>\n<p>&nbsp;<\/p>\n<h4 data-start=\"1662\" data-end=\"1720\">Anwendungsempfehlung<\/h4>\n<ol data-start=\"1374\" data-end=\"1655\">\n<li class=\"\" data-start=\"1374\" data-end=\"1422\">Haut vorbereiten \u2013 duschen oder baden<\/li>\n<li class=\"\" data-start=\"1374\" data-end=\"1422\">Stehend (ohne laufendes Wasser) eine Portion auf feuchte Haut auftragen<\/li>\n<li class=\"\" data-start=\"1374\" data-end=\"1422\">In kreisenden Bewegungen einmassieren (Ellbogen, Beine, Po, Fersen etc.)<\/li>\n<li class=\"\" data-start=\"1374\" data-end=\"1422\">Mit lauwarmem Wasser gr\u00fcndlich absp\u00fclen<\/li>\n<li class=\"\" data-start=\"1374\" data-end=\"1422\">Haut abtupfen &amp; ggf. Lotion auftragen<\/li>\n<li class=\"\" data-start=\"1374\" data-end=\"1422\">1\u20132 Mal w\u00f6chentlich anwenden<\/li>\n<\/ol>\n<p>\u26a0\ufe0f Vorsicht: Produkt kann Oberfl\u00e4chen rutschig machen!<\/p>\n<p>&nbsp;<\/p>\n<h4 data-start=\"1982\" data-end=\"2018\">Produktdetails<\/h4>\n<ul data-start=\"2019\" data-end=\"2149\">\n<li class=\"\" data-start=\"2019\" data-end=\"2049\">Inhalt: 300\u202fg<\/li>\n<li class=\"\" data-start=\"2019\" data-end=\"2049\">Verpackung: Schraubglas (wiederverwendbar)<\/li>\n<li class=\"\" data-start=\"2019\" data-end=\"2049\">Vegan \u2013 tierversuchsfrei \u2013 handgefertigt<\/li>\n<li class=\"\" data-start=\"2019\" data-end=\"2049\">F\u00fcr alle Hauttypen geeignet<\/li>\n<\/ul>\n<p><!--more--><\/p>\n","protected":false},"excerpt":{"rendered":"<h1 style=\"text-align: center;\" data-start=\"329\" data-end=\"532\"><span style=\"color: #c49b27;\">EIN KLEINER <\/span><\/h1>\n<h1 style=\"text-align: center;\" data-start=\"329\" data-end=\"532\"><span style=\"color: #c49b27;\">URLAUB\u00a0<\/span><span style=\"color: #c49b27;\">IN <\/span><\/h1>\n<h1 style=\"text-align: center;\" data-start=\"329\" data-end=\"532\"><span style=\"color: #c49b27;\">IHRER DUSCHE<\/span><\/h1>\n<h1><!--more--><\/h1>\n<p class=\"\" data-start=\"329\" data-end=\"532\">Frisch wie ein Cocktail! Dieses aromatische Zucker-K\u00f6rperpeeling mit Sheabutter entfernt sanft abgestorbene Hautzellen, pflegt intensiv und belebt mit dem spritzigen Mojito-Duft. F\u00fcr alle Hauttypen geeignet.<\/p>\n<p data-start=\"329\" data-end=\"532\"><!--more--><\/p>\n<ul>\n<li class=\"\" data-start=\"3256\" data-end=\"3302\">\n<p class=\"\" data-start=\"3258\" data-end=\"3302\">Mit Sheabutter \u2013 <strong>n\u00e4hrend &amp; weichmachend<\/strong><\/p>\n<\/li>\n<li class=\"\" data-start=\"3303\" data-end=\"3342\">\n<p class=\"\" data-start=\"3305\" data-end=\"3342\">Mojito-Duft: <strong>belebend &amp; tropisch<\/strong><\/p>\n<\/li>\n<li class=\"\" data-start=\"3343\" data-end=\"3392\">\n<p class=\"\" data-start=\"3345\" data-end=\"3392\">Zuckerkristalle <strong>reinigen sanft &amp; gr\u00fcndlich<\/strong><\/p>\n<\/li>\n<li class=\"\" data-start=\"3393\" data-end=\"3439\">\n<p class=\"\" data-start=\"3395\" data-end=\"3439\"><strong>Vegan, handgefertigt &amp; tierversuchsfrei<\/strong><\/p>\n<\/li>\n<li class=\"\" data-start=\"3440\" data-end=\"3464\">\n<p class=\"\" data-start=\"3442\" data-end=\"3464\"><strong>300g<\/strong> im Schraubglas<\/p>\n<\/li>\n<\/ul>\n<p>&nbsp;<\/p>\n","protected":false},"featured_media":88,"comment_status":"open","ping_status":"closed","template":"","meta":{"_et_pb_use_builder":"","_et_pb_old_content":"","_et_gb_content_width":""},"product_brand":[],"product_cat":[18,40],"product_tag":[41,42,43,44,45,46,47,48,49],"class_list":{"0":"post-56","1":"product","2":"type-product","3":"status-publish","4":"has-post-thumbnail","6":"product_cat-aroma","7":"product_cat-peeling","8":"product_tag-koerperpeeling","9":"product_tag-mojito","10":"product_tag-peeling","11":"product_tag-peeling-fuer-trockene-haut","12":"product_tag-peeling-mit-duft","13":"product_tag-peeling-mit-shea-butter","14":"product_tag-peeling-mojito","15":"product_tag-veganes-peeling","16":"product_tag-zucker-koerperpeeling","18":"first","19":"outofstock","20":"featured","21":"taxable","22":"shipping-taxable","23":"purchasable","24":"product-type-simple"},"_links":{"self":[{"href":"https:\/\/douchesensation.com\/de\/wp-json\/wp\/v2\/product\/56","targetHints":{"allow":["GET"]}}],"collection":[{"href":"https:\/\/douchesensation.com\/de\/wp-json\/wp\/v2\/product"}],"about":[{"href":"https:\/\/douchesensation.com\/de\/wp-json\/wp\/v2\/types\/product"}],"replies":[{"embeddable":true,"href":"https:\/\/douchesensation.com\/de\/wp-json\/wp\/v2\/comments?post=56"}],"wp:featuredmedia":[{"embeddable":true,"href":"https:\/\/douchesensation.com\/de\/wp-json\/wp\/v2\/media\/88"}],"wp:attachment":[{"href":"https:\/\/douchesensation.com\/de\/wp-json\/wp\/v2\/media?parent=56"}],"wp:term":[{"taxonomy":"product_brand","embeddable":true,"href":"https:\/\/douchesensation.com\/de\/wp-json\/wp\/v2\/product_brand?post=56"},{"taxonomy":"product_cat","embeddable":true,"href":"https:\/\/douchesensation.com\/de\/wp-json\/wp\/v2\/product_cat?post=56"},{"taxonomy":"product_tag","embeddable":true,"href":"https:\/\/douchesensation.com\/de\/wp-json\/wp\/v2\/product_tag?post=56"}],"curies":[{"name":"wp","href":"https:\/\/api.w.org\/{rel}","templated":true}]}}