{"id":305,"date":"2025-05-08T18:36:05","date_gmt":"2025-05-08T18:36:05","guid":{"rendered":"https:\/\/douchesensation.com\/de\/?page_id=305"},"modified":"2025-05-08T18:36:05","modified_gmt":"2025-05-08T18:36:05","slug":"haftung","status":"publish","type":"page","link":"https:\/\/douchesensation.com\/de\/haftung\/","title":{"rendered":"Haftung"},"content":{"rendered":"<p>[et_pb_section fb_built=&#8220;1&#8243; disabled_on=&#8220;on|on|off&#8220; admin_label=&#8220;PC&#8220; _builder_version=&#8220;4.27.4&#8243; _module_preset=&#8220;default&#8220; background_color=&#8220;RGBA(255,255,255,0)&#8220; collapsed=&#8220;on&#8220; global_colors_info=&#8220;{}&#8220; theme_builder_area=&#8220;post_content&#8220;][et_pb_row _builder_version=&#8220;4.27.0&#8243; _module_preset=&#8220;default&#8220; global_colors_info=&#8220;{}&#8220; theme_builder_area=&#8220;post_content&#8220;][et_pb_column type=&#8220;4_4&#8243; _builder_version=&#8220;4.27.0&#8243; _module_preset=&#8220;default&#8220; global_colors_info=&#8220;{}&#8220; theme_builder_area=&#8220;post_content&#8220;][et_pb_image src=&#8220;https:\/\/douchesensation.com\/de\/wp-content\/uploads\/sites\/27\/2025\/05\/Kroon-nieuwe-huisstijl-1000px.png&#8220; title_text=&#8220;Kroon nieuwe huisstijl 1000px&#8220; _builder_version=&#8220;4.27.4&#8243; _module_preset=&#8220;default&#8220; width=&#8220;10%&#8220; module_alignment=&#8220;center&#8220; global_colors_info=&#8220;{}&#8220; theme_builder_area=&#8220;post_content&#8220;][\/et_pb_image][et_pb_text module_id=&#8220;TERMS-EN-ART-TOP&#8220; _builder_version=&#8220;4.27.4&#8243; _module_preset=&#8220;_initial&#8220; text_font=&#8220;|300|||||||&#8220; text_font_size=&#8220;16px&#8220; text_letter_spacing=&#8220;1px&#8220; text_line_height=&#8220;1.8em&#8220; header_font=&#8220;&#8211;et_global_heading_font||||||||&#8220; background_color=&#8220;#FFFFFF&#8220; text_orientation=&#8220;center&#8220; custom_margin=&#8220;10px|10px|10px|10px|true|true&#8220; custom_padding=&#8220;10px|10px|10px|10px|true|true&#8220; border_width_all=&#8220;1px&#8220; border_color_all=&#8220;#727272&#8243; global_colors_info=&#8220;{}&#8220; theme_builder_area=&#8220;post_content&#8220;]<\/p>\n<h1>HAFTUNG<\/h1>\n<p>[\/et_pb_text][et_pb_text _builder_version=&#8220;4.27.4&#8243; _module_preset=&#8220;_initial&#8220; text_font=&#8220;&#8211;et_global_body_font|100|||||||&#8220; text_font_size=&#8220;22px&#8220; text_letter_spacing=&#8220;1px&#8220; text_line_height=&#8220;1.8em&#8220; text_orientation=&#8220;center&#8220; global_colors_info=&#8220;{}&#8220; theme_builder_area=&#8220;post_content&#8220;][\/et_pb_text][et_pb_text module_id=&#8220;TERMS-EN-ART10&#8243; _builder_version=&#8220;4.27.4&#8243; _module_preset=&#8220;_initial&#8220; text_font=&#8220;&#8211;et_global_body_font|100|||||||&#8220; text_font_size=&#8220;15px&#8220; text_letter_spacing=&#8220;1px&#8220; text_line_height=&#8220;1.8em&#8220; background_color=&#8220;rgba(89,144,203,0.1)&#8220; custom_margin=&#8220;20px|20px|20px|20px|true|true&#8220; custom_padding=&#8220;20px|20px|20px|20px|true|true&#8220; global_colors_info=&#8220;{}&#8220; theme_builder_area=&#8220;post_content&#8220;]<\/p>\n<p><strong><\/strong><\/p>\n<p>16.1. Die Informationen auf der Website von Aroma Sensation dienen nur der Information und nicht der Beratung. Wenn Aroma Sensation auf ihrer Website Links zu anderen Websites aufgenommen hat, die f\u00fcr den Kunden von Interesse sein k\u00f6nnten, haftet Aroma Sensation nicht f\u00fcr Sch\u00e4den, die dem Kunden durch den Besuch dieser Website entstehen, wie z.B. Sch\u00e4den durch einen Virus oder Ungenauigkeit oder Unvollst\u00e4ndigkeit der Informationen auf dieser Website;<\/p>\n<p>16.2. Indirekte Sch\u00e4den, Folgesch\u00e4den, Handelsverluste, Verzugssch\u00e4den, Einkommenssch\u00e4den, immaterielle Sch\u00e4den, Personensch\u00e4den und Sch\u00e4den durch Datenverlust sind von der Entsch\u00e4digung ausgeschlossen, soweit sie nicht im Widerspruch zu zwingenden gesetzlichen Bestimmungen stehen;<\/p>\n<p>16.3. Aroma Sensation haftet niemals \u00fcber die H\u00f6he des Kaufpreises des Produktes ohne Mehrwertsteuer hinaus, was zu Sch\u00e4den f\u00fchrt, soweit dies nicht im Widerspruch zu zwingenden Rechtsvorschriften steht, w\u00e4hrend der Schaden in Ermangelung einer Rechtsg\u00fcltigkeit dieser Einschr\u00e4nkung immer auf den insoweit vom Haftpflichtversicherer von Aroma Sensation ausgezahlten Betrag, erh\u00f6ht um den Selbstbehalt pro Schaden, beschr\u00e4nkt ist, immer soweit dies nicht im Widerspruch zu zwingenden gesetzlichen Bestimmungen steht;<\/p>\n<p>16.4. Der Anspruch auf Schadenersatz erlischt, wenn der Schaden nicht innerhalb von 14 Tagen nach Entdeckung angezeigt wird;<\/p>\n<p>16.5. Aroma Sensation haftet nicht f\u00fcr Sch\u00e4den, die durch unsachgem\u00e4\u00dfen Gebrauch, Fallenlassen des Produkts, Abnutzung und Verschlei\u00df entstehen und versteht dies als Sch\u00e4den durch \u00e4u\u00dfere Einfl\u00fcsse;<\/p>\n<p>16.6. Der Kunde ist verpflichtet, Aroma Sensation in die Lage zu versetzen, im Schadensfall eine Untersuchung durchzuf\u00fchren und gegebenenfalls externe Experten hinzuzuziehen. Der Kunde ist verpflichtet, alles zu tun, um den Schaden so weit wie m\u00f6glich zu begrenzen.<\/p>\n<p>16.7. Aroma Sensation ist jederzeit berechtigt, Lieferanten und andere am Schadenersatzanspruch beteiligte Parteien anzurufen und den Kunden gegen\u00fcber diesen Lieferanten und anderen Parteien Schadenersatz zu leisten.<br \/>.<\/p>\n<p>[\/et_pb_text][\/et_pb_column][\/et_pb_row][\/et_pb_section][et_pb_section fb_built=&#8220;1&#8243; disabled_on=&#8220;on|off|on&#8220; admin_label=&#8220;Tablet&#8220; _builder_version=&#8220;4.27.4&#8243; _module_preset=&#8220;default&#8220; background_color=&#8220;RGBA(255,255,255,0)&#8220; global_colors_info=&#8220;{}&#8220; theme_builder_area=&#8220;post_content&#8220;][et_pb_row _builder_version=&#8220;4.27.0&#8243; _module_preset=&#8220;default&#8220; global_colors_info=&#8220;{}&#8220; theme_builder_area=&#8220;post_content&#8220;][et_pb_column type=&#8220;4_4&#8243; _builder_version=&#8220;4.27.0&#8243; _module_preset=&#8220;default&#8220; global_colors_info=&#8220;{}&#8220; theme_builder_area=&#8220;post_content&#8220;][et_pb_image src=&#8220;https:\/\/douchesensation.com\/de\/wp-content\/uploads\/sites\/27\/2025\/05\/Kroon-nieuwe-huisstijl-1000px.png&#8220; title_text=&#8220;Kroon nieuwe huisstijl 1000px&#8220; _builder_version=&#8220;4.27.4&#8243; _module_preset=&#8220;default&#8220; width=&#8220;10%&#8220; max_width=&#8220;20%&#8220; module_alignment=&#8220;center&#8220; global_colors_info=&#8220;{}&#8220; theme_builder_area=&#8220;post_content&#8220;][\/et_pb_image][et_pb_text module_id=&#8220;TERMS-EN-ART-TOP&#8220; _builder_version=&#8220;4.27.4&#8243; _module_preset=&#8220;_initial&#8220; text_font=&#8220;|300|||||||&#8220; text_font_size=&#8220;16px&#8220; text_letter_spacing=&#8220;1px&#8220; text_line_height=&#8220;1.8em&#8220; header_font=&#8220;&#8211;et_global_heading_font||||||||&#8220; background_color=&#8220;#FFFFFF&#8220; text_orientation=&#8220;center&#8220; custom_margin=&#8220;10px|10px|10px|10px|true|true&#8220; custom_padding=&#8220;10px|10px|10px|10px|true|true&#8220; border_width_all=&#8220;1px&#8220; border_color_all=&#8220;#727272&#8243; global_colors_info=&#8220;{}&#8220; theme_builder_area=&#8220;post_content&#8220;]<\/p>\n<h1>HAFTUNG<\/h1>\n<p>[\/et_pb_text][et_pb_text _builder_version=&#8220;4.27.4&#8243; _module_preset=&#8220;_initial&#8220; text_font=&#8220;&#8211;et_global_body_font|100|||||||&#8220; text_font_size=&#8220;22px&#8220; text_letter_spacing=&#8220;1px&#8220; text_line_height=&#8220;1.8em&#8220; text_orientation=&#8220;center&#8220; global_colors_info=&#8220;{}&#8220; theme_builder_area=&#8220;post_content&#8220;][\/et_pb_text][et_pb_text module_id=&#8220;TERMS-EN-ART10&#8243; _builder_version=&#8220;4.27.4&#8243; _module_preset=&#8220;_initial&#8220; text_font=&#8220;&#8211;et_global_body_font|100|||||||&#8220; text_font_size=&#8220;15px&#8220; text_letter_spacing=&#8220;1px&#8220; text_line_height=&#8220;1.8em&#8220; background_color=&#8220;rgba(89,144,203,0.1)&#8220; custom_margin=&#8220;20px|20px|20px|20px|true|true&#8220; custom_padding=&#8220;20px|20px|20px|20px|true|true&#8220; global_colors_info=&#8220;{}&#8220; theme_builder_area=&#8220;post_content&#8220;]<\/p>\n<p>16.1. Die Informationen auf der Website von Aroma Sensation dienen nur der Information und nicht der Beratung. Wenn Aroma Sensation auf ihrer Website Links zu anderen Websites aufgenommen hat, die f\u00fcr den Kunden von Interesse sein k\u00f6nnten, haftet Aroma Sensation nicht f\u00fcr Sch\u00e4den, die dem Kunden durch den Besuch dieser Website entstehen, wie z.B. Sch\u00e4den durch einen Virus oder Ungenauigkeit oder Unvollst\u00e4ndigkeit der Informationen auf dieser Website;<\/p>\n<p>16.2. Indirekte Sch\u00e4den, Folgesch\u00e4den, Handelsverluste, Verzugssch\u00e4den, Einkommenssch\u00e4den, immaterielle Sch\u00e4den, Personensch\u00e4den und Sch\u00e4den durch Datenverlust sind von der Entsch\u00e4digung ausgeschlossen, soweit sie nicht im Widerspruch zu zwingenden gesetzlichen Bestimmungen stehen;<\/p>\n<p>16.3. Aroma Sensation haftet niemals \u00fcber die H\u00f6he des Kaufpreises des Produktes ohne Mehrwertsteuer hinaus, was zu Sch\u00e4den f\u00fchrt, soweit dies nicht im Widerspruch zu zwingenden Rechtsvorschriften steht, w\u00e4hrend der Schaden in Ermangelung einer Rechtsg\u00fcltigkeit dieser Einschr\u00e4nkung immer auf den insoweit vom Haftpflichtversicherer von Aroma Sensation ausgezahlten Betrag, erh\u00f6ht um den Selbstbehalt pro Schaden, beschr\u00e4nkt ist, immer soweit dies nicht im Widerspruch zu zwingenden gesetzlichen Bestimmungen steht;<\/p>\n<p>16.4. Der Anspruch auf Schadenersatz erlischt, wenn der Schaden nicht innerhalb von 14 Tagen nach Entdeckung angezeigt wird;<\/p>\n<p>16.5. Aroma Sensation haftet nicht f\u00fcr Sch\u00e4den, die durch unsachgem\u00e4\u00dfen Gebrauch, Fallenlassen des Produkts, Abnutzung und Verschlei\u00df entstehen und versteht dies als Sch\u00e4den durch \u00e4u\u00dfere Einfl\u00fcsse;<\/p>\n<p>16.6. Der Kunde ist verpflichtet, Aroma Sensation in die Lage zu versetzen, im Schadensfall eine Untersuchung durchzuf\u00fchren und gegebenenfalls externe Experten hinzuzuziehen. Der Kunde ist verpflichtet, alles zu tun, um den Schaden so weit wie m\u00f6glich zu begrenzen.<\/p>\n<p>16.7. Aroma Sensation ist jederzeit berechtigt, Lieferanten und andere am Schadenersatzanspruch beteiligte Parteien anzurufen und den Kunden gegen\u00fcber diesen Lieferanten und anderen Parteien Schadenersatz zu leisten.<br \/>.<\/p>\n<p>[\/et_pb_text][\/et_pb_column][\/et_pb_row][\/et_pb_section][et_pb_section fb_built=&#8220;1&#8243; disabled_on=&#8220;off|on|on&#8220; admin_label=&#8220;Mobile&#8220; _builder_version=&#8220;4.27.4&#8243; _module_preset=&#8220;default&#8220; width=&#8220;95%&#8220; global_colors_info=&#8220;{}&#8220; theme_builder_area=&#8220;post_content&#8220;][et_pb_row _builder_version=&#8220;4.27.0&#8243; _module_preset=&#8220;default&#8220; width=&#8220;95%&#8220; global_colors_info=&#8220;{}&#8220; theme_builder_area=&#8220;post_content&#8220;][et_pb_column type=&#8220;4_4&#8243; _builder_version=&#8220;4.27.0&#8243; _module_preset=&#8220;default&#8220; global_colors_info=&#8220;{}&#8220; theme_builder_area=&#8220;post_content&#8220;][et_pb_image src=&#8220;https:\/\/douchesensation.com\/de\/wp-content\/uploads\/sites\/27\/2025\/05\/Kroon-nieuwe-huisstijl-1000px.png&#8220; title_text=&#8220;Kroon nieuwe huisstijl 1000px&#8220; disabled_on=&#8220;off|on|off&#8220; _builder_version=&#8220;4.27.4&#8243; _module_preset=&#8220;default&#8220; width=&#8220;17%&#8220; max_width=&#8220;25%&#8220; module_alignment=&#8220;center&#8220; global_colors_info=&#8220;{}&#8220; theme_builder_area=&#8220;post_content&#8220;][\/et_pb_image][et_pb_text module_id=&#8220;TERMS-EN-ART-TOP&#8220; _builder_version=&#8220;4.27.4&#8243; _module_preset=&#8220;_initial&#8220; text_font=&#8220;|300|||||||&#8220; text_font_size=&#8220;16px&#8220; text_letter_spacing=&#8220;1px&#8220; text_line_height=&#8220;1.8em&#8220; header_font=&#8220;&#8211;et_global_heading_font||||||||&#8220; header_font_size=&#8220;24px&#8220; background_color=&#8220;#FFFFFF&#8220; text_orientation=&#8220;center&#8220; custom_margin=&#8220;10px|10px|10px|10px|true|true&#8220; custom_padding=&#8220;10px|10px|10px|10px|true|true&#8220; border_width_all=&#8220;1px&#8220; border_color_all=&#8220;#727272&#8243; global_colors_info=&#8220;{}&#8220; theme_builder_area=&#8220;post_content&#8220;]<\/p>\n<h1>HAFTUNG<\/h1>\n<p>[\/et_pb_text][et_pb_text _builder_version=&#8220;4.27.4&#8243; _module_preset=&#8220;_initial&#8220; text_font=&#8220;&#8211;et_global_body_font|100|||||||&#8220; text_font_size=&#8220;22px&#8220; text_letter_spacing=&#8220;1px&#8220; text_line_height=&#8220;1.8em&#8220; text_orientation=&#8220;center&#8220; global_colors_info=&#8220;{}&#8220; theme_builder_area=&#8220;post_content&#8220;][\/et_pb_text][et_pb_text module_id=&#8220;TERMS-EN-ART10&#8243; _builder_version=&#8220;4.27.4&#8243; _module_preset=&#8220;_initial&#8220; text_font=&#8220;&#8211;et_global_body_font|100|||||||&#8220; text_letter_spacing=&#8220;1px&#8220; text_line_height=&#8220;1.8em&#8220; header_2_font_size=&#8220;18px&#8220; background_color=&#8220;rgba(89,144,203,0.1)&#8220; custom_margin=&#8220;20px|10px|20px|10px|true|true&#8220; custom_padding=&#8220;20px|20px|20px|20px|true|true&#8220; global_colors_info=&#8220;{}&#8220; theme_builder_area=&#8220;post_content&#8220;]<\/p>\n<p><strong><\/strong><\/p>\n<p>16.1. Die Informationen auf der Website von Aroma Sensation dienen nur der Information und nicht der Beratung. Wenn Aroma Sensation auf ihrer Website Links zu anderen Websites aufgenommen hat, die f\u00fcr den Kunden von Interesse sein k\u00f6nnten, haftet Aroma Sensation nicht f\u00fcr Sch\u00e4den, die dem Kunden durch den Besuch dieser Website entstehen, wie z.B. Sch\u00e4den durch einen Virus oder Ungenauigkeit oder Unvollst\u00e4ndigkeit der Informationen auf dieser Website;<\/p>\n<p>16.2. Indirekte Sch\u00e4den, Folgesch\u00e4den, Handelsverluste, Verzugssch\u00e4den, Einkommenssch\u00e4den, immaterielle Sch\u00e4den, Personensch\u00e4den und Sch\u00e4den durch Datenverlust sind von der Entsch\u00e4digung ausgeschlossen, soweit sie nicht im Widerspruch zu zwingenden gesetzlichen Bestimmungen stehen;<\/p>\n<p>16.3. Aroma Sensation haftet niemals \u00fcber die H\u00f6he des Kaufpreises des Produktes ohne Mehrwertsteuer hinaus, was zu Sch\u00e4den f\u00fchrt, soweit dies nicht im Widerspruch zu zwingenden Rechtsvorschriften steht, w\u00e4hrend der Schaden in Ermangelung einer Rechtsg\u00fcltigkeit dieser Einschr\u00e4nkung immer auf den insoweit vom Haftpflichtversicherer von Aroma Sensation ausgezahlten Betrag, erh\u00f6ht um den Selbstbehalt pro Schaden, beschr\u00e4nkt ist, immer soweit dies nicht im Widerspruch zu zwingenden gesetzlichen Bestimmungen steht;<\/p>\n<p>16.4. Der Anspruch auf Schadenersatz erlischt, wenn der Schaden nicht innerhalb von 14 Tagen nach Entdeckung angezeigt wird;<\/p>\n<p>16.5. Aroma Sensation haftet nicht f\u00fcr Sch\u00e4den, die durch unsachgem\u00e4\u00dfen Gebrauch, Fallenlassen des Produkts, Abnutzung und Verschlei\u00df entstehen und versteht dies als Sch\u00e4den durch \u00e4u\u00dfere Einfl\u00fcsse;<\/p>\n<p>16.6. Der Kunde ist verpflichtet, Aroma Sensation in die Lage zu versetzen, im Schadensfall eine Untersuchung durchzuf\u00fchren und gegebenenfalls externe Experten hinzuzuziehen. Der Kunde ist verpflichtet, alles zu tun, um den Schaden so weit wie m\u00f6glich zu begrenzen.<\/p>\n<p>16.7. Aroma Sensation ist jederzeit berechtigt, Lieferanten und andere am Schadenersatzanspruch beteiligte Parteien anzurufen und den Kunden gegen\u00fcber diesen Lieferanten und anderen Parteien Schadenersatz zu leisten.<br \/>.<\/p>\n<p>[\/et_pb_text][\/et_pb_column][\/et_pb_row][\/et_pb_section]<\/p>\n","protected":false},"excerpt":{"rendered":"<p>HAFTUNG 16.1. Die Informationen auf der Website von Aroma Sensation dienen nur der Information und nicht der Beratung. Wenn Aroma Sensation auf ihrer Website Links zu anderen Websites aufgenommen hat, die f\u00fcr den Kunden von Interesse sein k\u00f6nnten, haftet Aroma Sensation nicht f\u00fcr Sch\u00e4den, die dem Kunden durch den Besuch dieser Website entstehen, wie z.B. [&hellip;]<\/p>\n","protected":false},"author":1,"featured_media":0,"parent":0,"menu_order":0,"comment_status":"closed","ping_status":"closed","template":"","meta":{"_et_pb_use_builder":"on","_et_pb_old_content":"","_et_gb_content_width":"","footnotes":""},"class_list":["post-305","page","type-page","status-publish","hentry"],"_links":{"self":[{"href":"https:\/\/douchesensation.com\/de\/wp-json\/wp\/v2\/pages\/305","targetHints":{"allow":["GET"]}}],"collection":[{"href":"https:\/\/douchesensation.com\/de\/wp-json\/wp\/v2\/pages"}],"about":[{"href":"https:\/\/douchesensation.com\/de\/wp-json\/wp\/v2\/types\/page"}],"author":[{"embeddable":true,"href":"https:\/\/douchesensation.com\/de\/wp-json\/wp\/v2\/users\/1"}],"replies":[{"embeddable":true,"href":"https:\/\/douchesensation.com\/de\/wp-json\/wp\/v2\/comments?post=305"}],"version-history":[{"count":2,"href":"https:\/\/douchesensation.com\/de\/wp-json\/wp\/v2\/pages\/305\/revisions"}],"predecessor-version":[{"id":307,"href":"https:\/\/douchesensation.com\/de\/wp-json\/wp\/v2\/pages\/305\/revisions\/307"}],"wp:attachment":[{"href":"https:\/\/douchesensation.com\/de\/wp-json\/wp\/v2\/media?parent=305"}],"curies":[{"name":"wp","href":"https:\/\/api.w.org\/{rel}","templated":true}]}}